{"id":1877,"date":"2020-01-18T18:18:42","date_gmt":"2020-01-18T18:18:42","guid":{"rendered":"http:\/\/bluetidemusic.com\/local-events\/"},"modified":"2020-02-08T20:12:55","modified_gmt":"2020-02-08T20:12:55","slug":"eventos-locales","status":"publish","type":"page","link":"https:\/\/bluetidemusic.com\/es\/eventos-locales\/","title":{"rendered":"Eventos Locales"},"content":{"rendered":"<p><section class=\"fw-main-row  ls section_padding_top_50 section_padding_bottom_50 columns_padding_15\" >\n\t\t<div class=\"container\">\n\t\t<div class=\"row\">\n\t\t\t\n    <div class=\"col-xs-12 col-md-8\" >\n        <p><span style=\"font-weight: 400;\">Como agencia de entretenimiento establecida en Cali Colombia, no solo nos encargamos de representar m\u00fasicos y artistas en los 7 mares (alrededor del mundo) sino que tambi\u00e9n contamos con un amplio cat\u00e1logo de artistas locales de alto nivel para cubrir las necesidades de entretenimiento de los eventos en nuestra ciudad y la regi\u00f3n.<\/span><\/p><p><span style=\"font-weight: 400;\">Contamos con orquestas latinas en grandes y peque\u00f1os formatos, grupos crossover, duos, tr\u00edos o cuartetos cl\u00e1sicos, coros, Dj's, bailarines, agrupaciones de jazz, etc. !Estamos listos para cubrir cualquier tipo de evento ya sean bodas, cumplea\u00f1os, misas, fiestas, aniversarios y m\u00e1s!<\/span><\/p>    <\/div>\n\n\n\n    <div class=\"col-xs-12 col-sm-6 col-md-4\" >\n        <img fetchpriority=\"high\" decoding=\"async\" src=\"https:\/\/bluetidemusic.com\/wp-content\/uploads\/2020\/01\/local_events_1-300x200.png\" alt=\"https:\/\/bluetidemusic.com\/wp-content\/uploads\/2020\/01\/local_events_1-300x200.png\" width=\"300\" height=\"200\" \/>    <\/div>\n\n\n\t\t<\/div>\n\t<\/div>\n<\/section>\n<section class=\"fw-main-row  ls section_padding_top_50 section_padding_bottom_50 columns_padding_15\" >\n\t\t<div class=\"container\">\n\t\t<div class=\"row\">\n\t\t\t\n    <div class=\"col-xs-12 col-sm-6\" >\n        <img decoding=\"async\" src=\"https:\/\/bluetidemusic.com\/wp-content\/uploads\/2020\/01\/local_events_3-500x250.png\" alt=\"local-events-agency\" width=\"500\" height=\"250\" \/>    <\/div>\n\n\n\n    <div class=\"col-xs-12 col-sm-6\" >\n        <p><strong>\u00bfQu\u00e9 m\u00e1s ofrecemos?\u00a0<\/strong><\/p><ul><li style=\"font-weight: 400;\"><span style=\"font-weight: 400;\">Orquestas latinas en grandes y peque\u00f1os formatos.<\/span><\/li><li style=\"font-weight: 400;\"><span style=\"font-weight: 400;\">Grupos crossover.<\/span><\/li><li style=\"font-weight: 400;\"><span style=\"font-weight: 400;\">D\u00faos, tr\u00edos o cuartetos cl\u00e1sicos.<\/span><\/li><li style=\"font-weight: 400;\"><span style=\"font-weight: 400;\">Coros.<\/span><\/li><li style=\"font-weight: 400;\"><span style=\"font-weight: 400;\">DJs.<\/span><\/li><li style=\"font-weight: 400;\"><span style=\"font-weight: 400;\">Grupos de Jazz.<\/span><\/li><li style=\"font-weight: 400;\"><span style=\"font-weight: 400;\">Bailarines y \u00a1mucho m\u00e1s!\u00a0<\/span><\/li><\/ul>    <\/div>\n\n\n\t\t<\/div>\n\t<\/div>\n<\/section>\n<section class=\"fw-main-row  ls section_padding_top_25 section_padding_bottom_50 columns_padding_15\" >\n\t\t<div class=\"container\">\n\t\t<div class=\"row\">\n\t\t\t\n    <div class=\"col-xs-12\" >\n        <h6 style=\"text-align: center;\">Solicita <b><a href=\"\/contactanos\">AQU\u00cd <\/a><\/b>m\u00e1s informaci\u00f3n<\/h6>    <\/div>\n\n\n\t\t<\/div>\n\t<\/div>\n<\/section>\n<\/p>\n","protected":false},"excerpt":{"rendered":"<p>Como agencia de entretenimiento establecida en Cali Colombia, no solo nos encargamos de representar m\u00fasicos y artistas en los 7 mares (alrededor del mundo) sino que tambi\u00e9n contamos con un amplio cat\u00e1logo de artistas locales de alto nivel para cubrir las necesidades de entretenimiento de los eventos en nuestra ciudad y la regi\u00f3n.Contamos con orquestas [&hellip;]<\/p>\n","protected":false},"author":1,"featured_media":0,"parent":0,"menu_order":0,"comment_status":"closed","ping_status":"closed","template":"","meta":{"footnotes":""},"yoast_head":"<!-- This site is optimized with the Yoast SEO plugin v22.8 - https:\/\/yoast.com\/wordpress\/plugins\/seo\/ -->\n<title>Eventos Locales - Blue Tide Music<\/title>\n<meta name=\"description\" content=\"Nos encargamos de organizar eventos locales en Cali Colombia. Estamos listos para cubrir cualquier tipo de evento: bodas, cumplea\u00f1os, fiestas y m\u00e1s.\" \/>\n<meta name=\"robots\" content=\"index, follow, max-snippet:-1, max-image-preview:large, max-video-preview:-1\" \/>\n<link rel=\"canonical\" href=\"https:\/\/bluetidemusic.com\/es\/eventos-locales\/\" \/>\n<meta property=\"og:locale\" content=\"es_ES\" \/>\n<meta property=\"og:type\" content=\"article\" \/>\n<meta property=\"og:title\" content=\"Eventos Locales - Blue Tide Music\" \/>\n<meta property=\"og:description\" content=\"Nos encargamos de organizar eventos locales en Cali Colombia. Estamos listos para cubrir cualquier tipo de evento: bodas, cumplea\u00f1os, fiestas y m\u00e1s.\" \/>\n<meta property=\"og:url\" content=\"https:\/\/bluetidemusic.com\/es\/eventos-locales\/\" \/>\n<meta property=\"og:site_name\" content=\"Blue Tide Music\" \/>\n<meta property=\"article:modified_time\" content=\"2020-02-08T20:12:55+00:00\" \/>\n<meta property=\"og:image\" content=\"http:\/\/bluetidemusic.com\/wp-content\/uploads\/2020\/01\/local_events_1-300x200.png\" \/>\n<meta name=\"twitter:card\" content=\"summary_large_image\" \/>\n<meta name=\"twitter:label1\" content=\"Tiempo de lectura\" \/>\n\t<meta name=\"twitter:data1\" content=\"1 minuto\" \/>\n<script type=\"application\/ld+json\" class=\"yoast-schema-graph\">{\"@context\":\"https:\/\/schema.org\",\"@graph\":[{\"@type\":\"WebPage\",\"@id\":\"https:\/\/bluetidemusic.com\/es\/eventos-locales\/\",\"url\":\"https:\/\/bluetidemusic.com\/es\/eventos-locales\/\",\"name\":\"Eventos Locales - Blue Tide Music\",\"isPartOf\":{\"@id\":\"https:\/\/bluetidemusic.com\/es\/#website\"},\"primaryImageOfPage\":{\"@id\":\"https:\/\/bluetidemusic.com\/es\/eventos-locales\/#primaryimage\"},\"image\":{\"@id\":\"https:\/\/bluetidemusic.com\/es\/eventos-locales\/#primaryimage\"},\"thumbnailUrl\":\"http:\/\/bluetidemusic.com\/wp-content\/uploads\/2020\/01\/local_events_1-300x200.png\",\"datePublished\":\"2020-01-18T18:18:42+00:00\",\"dateModified\":\"2020-02-08T20:12:55+00:00\",\"description\":\"Nos encargamos de organizar eventos locales en Cali Colombia. Estamos listos para cubrir cualquier tipo de evento: bodas, cumplea\u00f1os, fiestas y m\u00e1s.\",\"breadcrumb\":{\"@id\":\"https:\/\/bluetidemusic.com\/es\/eventos-locales\/#breadcrumb\"},\"inLanguage\":\"es\",\"potentialAction\":[{\"@type\":\"ReadAction\",\"target\":[\"https:\/\/bluetidemusic.com\/es\/eventos-locales\/\"]}]},{\"@type\":\"ImageObject\",\"inLanguage\":\"es\",\"@id\":\"https:\/\/bluetidemusic.com\/es\/eventos-locales\/#primaryimage\",\"url\":\"http:\/\/bluetidemusic.com\/wp-content\/uploads\/2020\/01\/local_events_1-300x200.png\",\"contentUrl\":\"http:\/\/bluetidemusic.com\/wp-content\/uploads\/2020\/01\/local_events_1-300x200.png\"},{\"@type\":\"BreadcrumbList\",\"@id\":\"https:\/\/bluetidemusic.com\/es\/eventos-locales\/#breadcrumb\",\"itemListElement\":[{\"@type\":\"ListItem\",\"position\":1,\"name\":\"Home\",\"item\":\"https:\/\/bluetidemusic.com\/es\/\"},{\"@type\":\"ListItem\",\"position\":2,\"name\":\"Eventos Locales\"}]},{\"@type\":\"WebSite\",\"@id\":\"https:\/\/bluetidemusic.com\/es\/#website\",\"url\":\"https:\/\/bluetidemusic.com\/es\/\",\"name\":\"Blue Tide Music\",\"description\":\"If you are looking for representation in the music industry,  you have come to the right place\",\"potentialAction\":[{\"@type\":\"SearchAction\",\"target\":{\"@type\":\"EntryPoint\",\"urlTemplate\":\"https:\/\/bluetidemusic.com\/es\/?s={search_term_string}\"},\"query-input\":\"required name=search_term_string\"}],\"inLanguage\":\"es\"}]}<\/script>\n<!-- \/ Yoast SEO plugin. -->","yoast_head_json":{"title":"Eventos Locales - Blue Tide Music","description":"Nos encargamos de organizar eventos locales en Cali Colombia. Estamos listos para cubrir cualquier tipo de evento: bodas, cumplea\u00f1os, fiestas y m\u00e1s.","robots":{"index":"index","follow":"follow","max-snippet":"max-snippet:-1","max-image-preview":"max-image-preview:large","max-video-preview":"max-video-preview:-1"},"canonical":"https:\/\/bluetidemusic.com\/es\/eventos-locales\/","og_locale":"es_ES","og_type":"article","og_title":"Eventos Locales - Blue Tide Music","og_description":"Nos encargamos de organizar eventos locales en Cali Colombia. Estamos listos para cubrir cualquier tipo de evento: bodas, cumplea\u00f1os, fiestas y m\u00e1s.","og_url":"https:\/\/bluetidemusic.com\/es\/eventos-locales\/","og_site_name":"Blue Tide Music","article_modified_time":"2020-02-08T20:12:55+00:00","og_image":[{"url":"http:\/\/bluetidemusic.com\/wp-content\/uploads\/2020\/01\/local_events_1-300x200.png"}],"twitter_card":"summary_large_image","twitter_misc":{"Tiempo de lectura":"1 minuto"},"schema":{"@context":"https:\/\/schema.org","@graph":[{"@type":"WebPage","@id":"https:\/\/bluetidemusic.com\/es\/eventos-locales\/","url":"https:\/\/bluetidemusic.com\/es\/eventos-locales\/","name":"Eventos Locales - Blue Tide Music","isPartOf":{"@id":"https:\/\/bluetidemusic.com\/es\/#website"},"primaryImageOfPage":{"@id":"https:\/\/bluetidemusic.com\/es\/eventos-locales\/#primaryimage"},"image":{"@id":"https:\/\/bluetidemusic.com\/es\/eventos-locales\/#primaryimage"},"thumbnailUrl":"http:\/\/bluetidemusic.com\/wp-content\/uploads\/2020\/01\/local_events_1-300x200.png","datePublished":"2020-01-18T18:18:42+00:00","dateModified":"2020-02-08T20:12:55+00:00","description":"Nos encargamos de organizar eventos locales en Cali Colombia. Estamos listos para cubrir cualquier tipo de evento: bodas, cumplea\u00f1os, fiestas y m\u00e1s.","breadcrumb":{"@id":"https:\/\/bluetidemusic.com\/es\/eventos-locales\/#breadcrumb"},"inLanguage":"es","potentialAction":[{"@type":"ReadAction","target":["https:\/\/bluetidemusic.com\/es\/eventos-locales\/"]}]},{"@type":"ImageObject","inLanguage":"es","@id":"https:\/\/bluetidemusic.com\/es\/eventos-locales\/#primaryimage","url":"http:\/\/bluetidemusic.com\/wp-content\/uploads\/2020\/01\/local_events_1-300x200.png","contentUrl":"http:\/\/bluetidemusic.com\/wp-content\/uploads\/2020\/01\/local_events_1-300x200.png"},{"@type":"BreadcrumbList","@id":"https:\/\/bluetidemusic.com\/es\/eventos-locales\/#breadcrumb","itemListElement":[{"@type":"ListItem","position":1,"name":"Home","item":"https:\/\/bluetidemusic.com\/es\/"},{"@type":"ListItem","position":2,"name":"Eventos Locales"}]},{"@type":"WebSite","@id":"https:\/\/bluetidemusic.com\/es\/#website","url":"https:\/\/bluetidemusic.com\/es\/","name":"Blue Tide Music","description":"If you are looking for representation in the music industry,  you have come to the right place","potentialAction":[{"@type":"SearchAction","target":{"@type":"EntryPoint","urlTemplate":"https:\/\/bluetidemusic.com\/es\/?s={search_term_string}"},"query-input":"required name=search_term_string"}],"inLanguage":"es"}]}},"_links":{"self":[{"href":"https:\/\/bluetidemusic.com\/es\/wp-json\/wp\/v2\/pages\/1877"}],"collection":[{"href":"https:\/\/bluetidemusic.com\/es\/wp-json\/wp\/v2\/pages"}],"about":[{"href":"https:\/\/bluetidemusic.com\/es\/wp-json\/wp\/v2\/types\/page"}],"author":[{"embeddable":true,"href":"https:\/\/bluetidemusic.com\/es\/wp-json\/wp\/v2\/users\/1"}],"replies":[{"embeddable":true,"href":"https:\/\/bluetidemusic.com\/es\/wp-json\/wp\/v2\/comments?post=1877"}],"version-history":[{"count":0,"href":"https:\/\/bluetidemusic.com\/es\/wp-json\/wp\/v2\/pages\/1877\/revisions"}],"wp:attachment":[{"href":"https:\/\/bluetidemusic.com\/es\/wp-json\/wp\/v2\/media?parent=1877"}],"curies":[{"name":"wp","href":"https:\/\/api.w.org\/{rel}","templated":true}]}}