{"id":1590,"date":"2019-12-28T06:28:17","date_gmt":"2019-12-28T06:28:17","guid":{"rendered":"http:\/\/bluetidemusic.com\/jobs-onboard\/"},"modified":"2024-06-13T20:44:15","modified_gmt":"2024-06-13T20:44:15","slug":"trabajos-a-bordo","status":"publish","type":"page","link":"https:\/\/bluetidemusic.com\/es\/trabajos-a-bordo\/","title":{"rendered":"Trabajos a bordo"},"content":{"rendered":"<p><section class=\"fw-main-row  ls section_padding_top_50 section_padding_bottom_50 columns_padding_15\" >\n\t\t<div class=\"container\">\n\t\t<div class=\"row\">\n\t\t\t\n    <div class=\"col-xs-12 col-sm-6\" >\n        <img fetchpriority=\"high\" decoding=\"async\" src=\"https:\/\/bluetidemusic.com\/wp-content\/uploads\/2024\/06\/Monniana-Band-Latin-Band-1-scaled-600x700.webp\" alt=\"https:\/\/bluetidemusic.com\/wp-content\/uploads\/2024\/06\/Monniana-Band-Latin-Band-1-scaled-600x700.webp\" width=\"600\" height=\"700\" \/>    <\/div>\n\n\n\n    <div class=\"col-xs-12 col-sm-6\" >\n            \t<h3 class=\"text-left section_header \">\n\t<span class=\"  \">\n\t\tBANDA LATINA \t<\/span>\n\t<\/h3>\n    \n\t<div class=\"fw-divider-space \" style=\"padding-top: 40px;\"><\/div>\n<p>Una banda latina para cruceros es un grupo musical especializado en ofrecer un repertorio de fiesta lleno de ritmos latinos vibrantes y contagiosos. Esta banda interpreta una variada selecci\u00f3n de g\u00e9neros que incluye salsa, merengue, vallenato, cumbia, bolero, chachach\u00e1, bachata y reggaet\u00f3n, creando una atm\u00f3sfera animada y festiva a bordo. Con su energ\u00eda y talento, la latin band asegura que los pasajeros disfruten de una experiencia aut\u00e9ntica y emocionante, invit\u00e1ndolos a bailar y celebrar al ritmo de la m\u00fasica latina en cada presentaci\u00f3n.<\/p><p><strong>Aplicaci\u00f3n:<\/strong><\/p><ul><li>\u00a0Empieza con un video de tu agrupaci\u00f3n interpretando 8 extractos de 30 a 40 segundos de 8 canciones de g\u00e9neros distintos. Los g\u00e9neros son: salsa, merengue, vallenato, bachata, reggaet\u00f3n (urbano), cumbia, bolero y chachach\u00e1.<\/li><li>\u00a0Necesitas mandarnos el brochure o dossier de la banda donde se describa la experiencia tanto del grupo como de cada integrante. Deben poner fotos individuales y grupales, cabe aclarar que el documento debe ser en ingl\u00e9s.<\/li><li>\u00a0Los CV\u2019s de cada uno de los integrantes. Aseg\u00farate que en ese corto tiempo que debe durar cada extracto de canci\u00f3n la agrupaci\u00f3n pueda mostrar con contundencia sus fortalezas<\/li><\/ul><p>!Esta es tu oportunidad para venderte!<\/p><p><strong>Formatos:<\/strong><\/p><p>Los tr\u00edos o cuartetos latinos deben ser conformados de la siguiente manera:<\/p><p><strong><em>Tr\u00edo:<\/em> <\/strong>Voz, piano y bater\u00eda.<\/p><p><strong>Cuarteto:<\/strong> Voz, piano, bajo y bater\u00eda.<\/p><p><strong>NOTA:<\/strong> Deben saber que a estos formatos se le deben sumar los multi-tracks o secuencias.<br \/>Solamente en el caso de los cuartetos se pueden obviar dichos soportes sonoros si la agrupaci\u00f3n no los necesita.<\/p>    <\/div>\n\n\n\t\t<\/div>\n\t<\/div>\n<\/section>\n<section class=\"fw-main-row  ls section_padding_top_40 section_padding_bottom_50 columns_padding_15\" >\n\t\t<div class=\"container\">\n\t\t<div class=\"row\">\n\t\t\t\n    <div class=\"col-xs-12 col-sm-6\" >\n            \t<h3 class=\"text-left section_header \">\n\t<span class=\"  \">\n\t\tPARTY BAND \t<\/span>\n\t<\/h3>\n    \n\t<div class=\"fw-divider-space \" style=\"padding-top: 25px;\"><\/div>\n<p>Una party band para cruceros es un grupo musical vers\u00e1til y en\u00e9rgico especializado en entretener a los pasajeros con un amplio repertorio de \u00e9xitos top 40 que abarca desde los a\u00f1os 60 hasta la actualidad. Esta banda interpreta una mezcla din\u00e1mica de g\u00e9neros como pop, rock, soul, R&amp;B, funk y m\u00e1s, garantizando una experiencia vibrante y memorable para audiencias de todas las edades. Con su habilidad para adaptarse a diversos estilos y su presencia esc\u00e9nica electrizante, la<br \/>party band crea una atm\u00f3sfera festiva perfecta para cualquier ocasi\u00f3n a bordo del crucero.<\/p><p><strong>Aplicaci\u00f3n:<\/strong><\/p><ul><li>\u00a0El video no debe durar m\u00e1s de 5-6 minutos donde la banda interprete entre 6 y 7 extractos de canciones que se encuentren dentro de los g\u00e9neros mencionados en la descripci\u00f3n.<\/li><li>\u00a0Necesitas mandarnos el brochure o dossier de la banda donde se describa la experiencia tanto del grupo como de cada integrante. Deben poner fotos individuales y grupales, cabe aclarar que el documento debe ser en ingl\u00e9s.<\/li><li>\u00a0Los CV\u2019s de cada uno de los integrantes en ingl\u00e9s.<\/li><\/ul><p><strong>NOTA:<\/strong> Los cantantes deben de tener una pronunciaci\u00f3n perfecta del ingl\u00e9s a la hora de cantar ya que el p\u00fablico siempre ser\u00e1 ingl\u00e9s parlante. No queremos que las compa\u00f1\u00edas rechacen tu propuesta por no cumplir con este requisito.<\/p><p><strong>Formatos:<\/strong><\/p><p>Hay dos tipos de formato para este puesto en los barcos:<\/p><p><strong>Cuarteto:<\/strong> Voz, guitarra, bajo y bater\u00eda. (backing tracks si necesitan).<\/p><p><strong>Sexteto:<\/strong> 2 voces, guitarra, teclados, bajo y bater\u00eda.<\/p>    <\/div>\n\n\n\n    <div class=\"col-xs-12 col-sm-6\" >\n        \n\t<div class=\"fw-divider-space \" style=\"padding-top: 70px;\"><\/div>\n<img decoding=\"async\" src=\"https:\/\/bluetidemusic.com\/wp-content\/uploads\/2024\/06\/La-Estacion-_Party-Band_-scaled-900x700.webp\" alt=\"https:\/\/bluetidemusic.com\/wp-content\/uploads\/2024\/06\/La-Estacion-_Party-Band_-scaled-900x700.webp\" width=\"900\" height=\"700\" \/>    <\/div>\n\n\n\t\t<\/div>\n\t<\/div>\n<\/section>\n<section class=\"fw-main-row  ls section_padding_top_50 section_padding_bottom_50 columns_padding_15\" >\n\t\t<div class=\"container\">\n\t\t<div class=\"row\">\n\t\t\t\n    <div class=\"col-xs-12 col-sm-6\" >\n        \n\t<div class=\"fw-divider-space \" style=\"padding-top: 10px;\"><\/div>\n<img decoding=\"async\" src=\"https:\/\/bluetidemusic.com\/wp-content\/uploads\/2024\/06\/Edier-Silva-Orchestra-Musician-700x600.webp\" alt=\"https:\/\/bluetidemusic.com\/wp-content\/uploads\/2024\/06\/Edier-Silva-Orchestra-Musician-700x600.webp\" width=\"700\" height=\"600\" \/>    <\/div>\n\n\n\n    <div class=\"col-xs-12 col-sm-6\" >\n            \t<h3 class=\"text-left section_header \">\n\t<span class=\"  \">\n\t\tM\u00daSICOS DE ORQUESTA (ORCHESTRA MUSICIANS)\t<\/span>\n\t<\/h3>\n    \n<p>El perfil del m\u00fasico apto para este tipo de gig es muy espec\u00edfico, ya que debe tener una excelente lectura a primera vista, tener experiencia con in-ears, dominar con destreza g\u00e9neros como jazz, pop, rock, funk, latin. \u00a1Ah y tambi\u00e9n! Ser buen improvisador con tu instrumento.<\/p><p>S\u00ed eres pianista debes estar preparado para no solo manejar con destreza sonidos en sintetizadores y otros teclados, si no que tambi\u00e9n puedes tener sets de solista o acompa\u00f1ando cantantes en pianos ac\u00fasticos.<\/p><p>Si tu instrumento es el saxo tenor o alto, debes saber que tambi\u00e9n tendr\u00e1s que tocar la flauta y el clarinete. \u00a1No te olvides empacarlos en tu equipaje!<\/p><p>Para los bajistas, si tocas adem\u00e1s del bajo el\u00e9ctrico el contrabajo \u00a1mucho mejor! Tendr\u00e1s m\u00e1s opciones de obtener un contrato ya que hay algunos barcos en los que se necesitan contrabajistas.<\/p><p>Si eres trompetista y tienes un registro que vuela por las nubes tu mejor opci\u00f3n es aplicar a primer trompeta, pero si no llegas a notas tan altas y eres un buen improvisador tu camino es el de la segunda trompeta.<\/p><p><strong>Aplicaci\u00f3n:<\/strong><\/p><ul><li>Empieza con un video reel de unos 3 a 4 minutos donde nos dejes clara tu alta destreza con tu instrumento y amplia versatilidad en los g\u00e9neros, pero m\u00e1s tu nivel de improvisaci\u00f3n y ejecuci\u00f3n del jazz es lo que m\u00e1s prevalecer\u00e1.<\/li><li>\u00a0Cv en ingl\u00e9s.<\/li><li>Audici\u00f3n de primera vista que se realiza de la siguiente manera: Se agenda el d\u00eda, debes estar listo para grabar audio y video pues te mandaremos 3 partituras y tendr\u00e1s 30 minutos para mandarnos de vuelta el video interpretando la m\u00fasica enviada.<\/li><\/ul><p><strong>Posiciones:<\/strong><\/p><ul><li>\u00a0Trompeta 1.<\/li><li>\u00a0Trompeta 2.<\/li><li>\u00a0Tromb\u00f3n.<\/li><li>\u00a0Saxo tenor (flauta y clarinete).<\/li><li>\u00a0Saxo alto (flauta y clarinete).<\/li><li>\u00a0Guitarra el\u00e9ctrica.<\/li><li>\u00a0Bajo.<\/li><li>\u00a0Piano.<\/li><li>\u00a0Bater\u00eda.<\/li><\/ul>    <\/div>\n\n\n\t\t<\/div>\n\t<\/div>\n<\/section>\n<section class=\"fw-main-row  ls section_padding_top_50 section_padding_bottom_50 columns_padding_15\" >\n\t\t<div class=\"container\">\n\t\t<div class=\"row\">\n\t\t\t\n    <div class=\"col-xs-12 col-sm-6\" >\n            \t<h3 class=\"text-left section_header \">\n\t<span class=\"  \">\n\t\tGUITARRISTA CL\u00c1SICO:\t<\/span>\n\t<\/h3>\n    \n<p>Para este puesto debes de contra con una t\u00e9cnica excepcional y un repertorio muy diverso que va desde piezas cl\u00e1sicas hasta modernas, pop, rock y populares. Debes de deleitar a los pasajeros con tu talento y carisma. Un set tuyo tiene que ser una experiencia \u00fanica en alta mar, donde tu m\u00fasica sea parte esencial de la magia del viaje.<\/p><p><strong>Aplicaci\u00f3n:<\/strong><\/p><ul><li>\u00a0M\u00e1ndanos un video donde te veamos interpretando varios extractos de 30 a 40 segundos de 8 obras de g\u00e9neros variados como: cl\u00e1sico, pop, tango, popular, latino, jazz, etc\u2026<\/li><li>\u00a0Tu CV en ingl\u00e9s.<\/li><\/ul>    <\/div>\n\n\n\n    <div class=\"col-xs-12 col-sm-6\" >\n        \n<img loading=\"lazy\" decoding=\"async\" src=\"https:\/\/bluetidemusic.com\/wp-content\/uploads\/2024\/06\/Classic-guitar-600x700.webp\" alt=\"https:\/\/bluetidemusic.com\/wp-content\/uploads\/2024\/06\/Classic-guitar-600x700.webp\" width=\"600\" height=\"700\" \/>    <\/div>\n\n\n\t\t<\/div>\n\t<\/div>\n<\/section>\n<section class=\"fw-main-row  ls section_padding_top_50 section_padding_bottom_50 columns_padding_15\" >\n\t\t<div class=\"container\">\n\t\t<div class=\"row\">\n\t\t\t\n    <div class=\"col-xs-12 col-sm-6\" >\n        \n<img loading=\"lazy\" decoding=\"async\" src=\"https:\/\/bluetidemusic.com\/wp-content\/uploads\/2024\/06\/Groove-Queens-Duo-scaled-600x700.webp\" alt=\"https:\/\/bluetidemusic.com\/wp-content\/uploads\/2024\/06\/Groove-Queens-Duo-scaled-600x700.webp\" width=\"600\" height=\"700\" \/>    <\/div>\n\n\n\n    <div class=\"col-xs-12 col-sm-6\" >\n            \t<h3 class=\"text-left section_header \">\n\t<span class=\"  \">\n\t\tVARIETY DUO:\t<\/span>\n\t<\/h3>\n    \n<p>Es una pareja musical din\u00e1mica y vers\u00e1til que se especializa en interpretar un repertorio que abarca los top 40 de pop y rock. Con su talento y carisma, este d\u00fao ofrece actuaciones en vivo que capturan la esencia de los \u00e9xitos contempor\u00e1neos y cl\u00e1sicos, proporcionando entretenimiento vibrante y de alta calidad para los pasajeros. Su capacidad para adaptarse a diferentes estilos y conectar con la audiencia asegura una experiencia musical inolvidable y llena de energ\u00eda en cada actuaci\u00f3n a bordo del crucero.<\/p><p><strong>Aplicaci\u00f3n:<\/strong><\/p><ul><li>El video no debe durar m\u00e1s de 5-6 minutos donde el d\u00fao interprete entre 6 y 7 extractos de canciones que se encuentren dentro de los g\u00e9neros mencionados en la descripci\u00f3n.<\/li><li>&nbsp;Necesitas mandarnos el brochure o dossier del d\u00fao donde se describa la experiencia tanto del grupo como de cada integrante. Deben poner fotos individuales y grupales, cabe aclarar que el documento debe ser en ingl\u00e9s.<\/li><li>&nbsp;Los CV\u2019s de cada uno de los integrantes en ingl\u00e9s.<\/li><\/ul><p><strong>NOTA:<\/strong> Los cantantes deben de tener una pronunciaci\u00f3n perfecta del ingl\u00e9s a la hora de cantar ya que el p\u00fablico siempre ser\u00e1 ingl\u00e9s parlante. No queremos que las compa\u00f1\u00edas rechacen tu propuesta por no cumplir con este requisito.<\/p><p><strong>Formato:<\/strong>Cantante (preferiblemente instrumentista), guitarrista (corista) y backing tracks.<\/p>    <\/div>\n\n\n\t\t<\/div>\n\t<\/div>\n<\/section>\n<section class=\"fw-main-row  ls section_padding_top_50 section_padding_bottom_50 columns_padding_15\" >\n\t\t<div class=\"container\">\n\t\t<div class=\"row\">\n\t\t\t\n    <div class=\"col-xs-12 col-sm-6\" >\n            \t<h3 class=\"text-left section_header \">\n\t<span class=\"  \">\n\t\tSTOWAWAY PIANIST:\t<\/span>\n\t<\/h3>\n    \n<p>Este es un personaje tipo \u201cchaplinesco\u201d que es un pianista extraordinario y c\u00f3mico. Exc\u00e9ntrico, interact\u00faa constantemente con la multitud para garantizar que est\u00e9n de su lado! Le encanta tomar fotograf\u00edas y ser visible en lugares remotos alrededor del barco. \u00a1Maestro del disfraz, aparece con diferentes vestuarios durante todo el crucero para ayudar a ocultar su identidad!<\/p><p><strong>Caracter\u00edsticas:<\/strong> Genuino, emp\u00e1tico, c\u00f3mico, juguet\u00f3n, travieso, inteligente.<\/p><p>Algunas de las habilidades necesarias para el puesto son:<\/p><ul><li>\u00a0Alto nivel de piano (se prefiere educaci\u00f3n formal).<\/li><li>\u00a0Personalidad divertida, extrovertida y comodidad para interactuar con los hu\u00e9spedes.<\/li><li>\u00a0Energ\u00eda alta.<\/li><li>\u00a0Gran variedad de repertorio, incluyendo: jazz, cl\u00e1sica, bandas sonoras, canciones de Disney, pop, rock, etc.<\/li><li>\u00a0Habilidad para cantar.<\/li><li>\u00a0La experiencia en actuaci\u00f3n\/teatro es una ventaja.<\/li><\/ul><p><strong>Aplicaci\u00f3n:<\/strong><\/p><ul><li>\u00a0Debes de mandar un video donde nos muestres lo anteriormente mencionado.<\/li><li>\u00a0Tu CV en ingl\u00e9s.<\/li><\/ul>    <\/div>\n\n\n\n    <div class=\"col-xs-12 col-sm-6\" >\n        \n<img loading=\"lazy\" decoding=\"async\" src=\"https:\/\/bluetidemusic.com\/wp-content\/uploads\/2024\/06\/Stowaway-pianist-scaled-600x700.webp\" alt=\"https:\/\/bluetidemusic.com\/wp-content\/uploads\/2024\/06\/Stowaway-pianist-scaled-600x700.webp\" width=\"600\" height=\"700\" \/>    <\/div>\n\n\n\t\t<\/div>\n\t<\/div>\n<\/section>\n<\/p>\n","protected":false},"excerpt":{"rendered":"<p>BANDA LATINA Una banda latina para cruceros es un grupo musical especializado en ofrecer un repertorio de fiesta lleno de ritmos latinos vibrantes y contagiosos. Esta banda interpreta una variada selecci\u00f3n de g\u00e9neros que incluye salsa, merengue, vallenato, cumbia, bolero, chachach\u00e1, bachata y reggaet\u00f3n, creando una atm\u00f3sfera animada y festiva a bordo. Con su energ\u00eda [&hellip;]<\/p>\n","protected":false},"author":1,"featured_media":0,"parent":0,"menu_order":0,"comment_status":"closed","ping_status":"closed","template":"","meta":{"footnotes":""},"yoast_head":"<!-- This site is optimized with the Yoast SEO plugin v22.8 - https:\/\/yoast.com\/wordpress\/plugins\/seo\/ -->\n<title>Trabajos a bordo - Blue Tide Music<\/title>\n<meta name=\"description\" content=\"Para aplicar a nuestros trabajos a bordo, env\u00eda un video de tu agrupaci\u00f3n interpretando 8 extractos de 30 a 40 segundos de 8 canciones de g\u00e9neros distintos.\" \/>\n<meta name=\"robots\" content=\"index, follow, max-snippet:-1, max-image-preview:large, max-video-preview:-1\" \/>\n<link rel=\"canonical\" href=\"https:\/\/bluetidemusic.com\/es\/trabajos-a-bordo\/\" \/>\n<meta property=\"og:locale\" content=\"es_ES\" \/>\n<meta property=\"og:type\" content=\"article\" \/>\n<meta property=\"og:title\" content=\"Trabajos a bordo - Blue Tide Music\" \/>\n<meta property=\"og:description\" content=\"Para aplicar a nuestros trabajos a bordo, env\u00eda un video de tu agrupaci\u00f3n interpretando 8 extractos de 30 a 40 segundos de 8 canciones de g\u00e9neros distintos.\" \/>\n<meta property=\"og:url\" content=\"https:\/\/bluetidemusic.com\/es\/trabajos-a-bordo\/\" \/>\n<meta property=\"og:site_name\" content=\"Blue Tide Music\" \/>\n<meta property=\"article:modified_time\" content=\"2024-06-13T20:44:15+00:00\" \/>\n<meta property=\"og:image\" content=\"https:\/\/bluetidemusic.com\/wp-content\/uploads\/2024\/06\/Monniana-Band-Latin-Band-1-scaled-600x700.webp\" \/>\n<meta name=\"twitter:card\" content=\"summary_large_image\" \/>\n<meta name=\"twitter:label1\" content=\"Tiempo de lectura\" \/>\n\t<meta name=\"twitter:data1\" content=\"7 minutos\" \/>\n<script type=\"application\/ld+json\" class=\"yoast-schema-graph\">{\"@context\":\"https:\/\/schema.org\",\"@graph\":[{\"@type\":\"WebPage\",\"@id\":\"https:\/\/bluetidemusic.com\/es\/trabajos-a-bordo\/\",\"url\":\"https:\/\/bluetidemusic.com\/es\/trabajos-a-bordo\/\",\"name\":\"Trabajos a bordo - Blue Tide Music\",\"isPartOf\":{\"@id\":\"https:\/\/bluetidemusic.com\/es\/#website\"},\"primaryImageOfPage\":{\"@id\":\"https:\/\/bluetidemusic.com\/es\/trabajos-a-bordo\/#primaryimage\"},\"image\":{\"@id\":\"https:\/\/bluetidemusic.com\/es\/trabajos-a-bordo\/#primaryimage\"},\"thumbnailUrl\":\"https:\/\/bluetidemusic.com\/wp-content\/uploads\/2024\/06\/Monniana-Band-Latin-Band-1-scaled-600x700.webp\",\"datePublished\":\"2019-12-28T06:28:17+00:00\",\"dateModified\":\"2024-06-13T20:44:15+00:00\",\"description\":\"Para aplicar a nuestros trabajos a bordo, env\u00eda un video de tu agrupaci\u00f3n interpretando 8 extractos de 30 a 40 segundos de 8 canciones de g\u00e9neros distintos.\",\"breadcrumb\":{\"@id\":\"https:\/\/bluetidemusic.com\/es\/trabajos-a-bordo\/#breadcrumb\"},\"inLanguage\":\"es\",\"potentialAction\":[{\"@type\":\"ReadAction\",\"target\":[\"https:\/\/bluetidemusic.com\/es\/trabajos-a-bordo\/\"]}]},{\"@type\":\"ImageObject\",\"inLanguage\":\"es\",\"@id\":\"https:\/\/bluetidemusic.com\/es\/trabajos-a-bordo\/#primaryimage\",\"url\":\"https:\/\/bluetidemusic.com\/wp-content\/uploads\/2024\/06\/Monniana-Band-Latin-Band-1-scaled-600x700.webp\",\"contentUrl\":\"https:\/\/bluetidemusic.com\/wp-content\/uploads\/2024\/06\/Monniana-Band-Latin-Band-1-scaled-600x700.webp\"},{\"@type\":\"BreadcrumbList\",\"@id\":\"https:\/\/bluetidemusic.com\/es\/trabajos-a-bordo\/#breadcrumb\",\"itemListElement\":[{\"@type\":\"ListItem\",\"position\":1,\"name\":\"Home\",\"item\":\"https:\/\/bluetidemusic.com\/es\/\"},{\"@type\":\"ListItem\",\"position\":2,\"name\":\"Trabajos a bordo\"}]},{\"@type\":\"WebSite\",\"@id\":\"https:\/\/bluetidemusic.com\/es\/#website\",\"url\":\"https:\/\/bluetidemusic.com\/es\/\",\"name\":\"Blue Tide Music\",\"description\":\"If you are looking for representation in the music industry,  you have come to the right place\",\"potentialAction\":[{\"@type\":\"SearchAction\",\"target\":{\"@type\":\"EntryPoint\",\"urlTemplate\":\"https:\/\/bluetidemusic.com\/es\/?s={search_term_string}\"},\"query-input\":\"required name=search_term_string\"}],\"inLanguage\":\"es\"}]}<\/script>\n<!-- \/ Yoast SEO plugin. -->","yoast_head_json":{"title":"Trabajos a bordo - Blue Tide Music","description":"Para aplicar a nuestros trabajos a bordo, env\u00eda un video de tu agrupaci\u00f3n interpretando 8 extractos de 30 a 40 segundos de 8 canciones de g\u00e9neros distintos.","robots":{"index":"index","follow":"follow","max-snippet":"max-snippet:-1","max-image-preview":"max-image-preview:large","max-video-preview":"max-video-preview:-1"},"canonical":"https:\/\/bluetidemusic.com\/es\/trabajos-a-bordo\/","og_locale":"es_ES","og_type":"article","og_title":"Trabajos a bordo - Blue Tide Music","og_description":"Para aplicar a nuestros trabajos a bordo, env\u00eda un video de tu agrupaci\u00f3n interpretando 8 extractos de 30 a 40 segundos de 8 canciones de g\u00e9neros distintos.","og_url":"https:\/\/bluetidemusic.com\/es\/trabajos-a-bordo\/","og_site_name":"Blue Tide Music","article_modified_time":"2024-06-13T20:44:15+00:00","og_image":[{"url":"https:\/\/bluetidemusic.com\/wp-content\/uploads\/2024\/06\/Monniana-Band-Latin-Band-1-scaled-600x700.webp"}],"twitter_card":"summary_large_image","twitter_misc":{"Tiempo de lectura":"7 minutos"},"schema":{"@context":"https:\/\/schema.org","@graph":[{"@type":"WebPage","@id":"https:\/\/bluetidemusic.com\/es\/trabajos-a-bordo\/","url":"https:\/\/bluetidemusic.com\/es\/trabajos-a-bordo\/","name":"Trabajos a bordo - Blue Tide Music","isPartOf":{"@id":"https:\/\/bluetidemusic.com\/es\/#website"},"primaryImageOfPage":{"@id":"https:\/\/bluetidemusic.com\/es\/trabajos-a-bordo\/#primaryimage"},"image":{"@id":"https:\/\/bluetidemusic.com\/es\/trabajos-a-bordo\/#primaryimage"},"thumbnailUrl":"https:\/\/bluetidemusic.com\/wp-content\/uploads\/2024\/06\/Monniana-Band-Latin-Band-1-scaled-600x700.webp","datePublished":"2019-12-28T06:28:17+00:00","dateModified":"2024-06-13T20:44:15+00:00","description":"Para aplicar a nuestros trabajos a bordo, env\u00eda un video de tu agrupaci\u00f3n interpretando 8 extractos de 30 a 40 segundos de 8 canciones de g\u00e9neros distintos.","breadcrumb":{"@id":"https:\/\/bluetidemusic.com\/es\/trabajos-a-bordo\/#breadcrumb"},"inLanguage":"es","potentialAction":[{"@type":"ReadAction","target":["https:\/\/bluetidemusic.com\/es\/trabajos-a-bordo\/"]}]},{"@type":"ImageObject","inLanguage":"es","@id":"https:\/\/bluetidemusic.com\/es\/trabajos-a-bordo\/#primaryimage","url":"https:\/\/bluetidemusic.com\/wp-content\/uploads\/2024\/06\/Monniana-Band-Latin-Band-1-scaled-600x700.webp","contentUrl":"https:\/\/bluetidemusic.com\/wp-content\/uploads\/2024\/06\/Monniana-Band-Latin-Band-1-scaled-600x700.webp"},{"@type":"BreadcrumbList","@id":"https:\/\/bluetidemusic.com\/es\/trabajos-a-bordo\/#breadcrumb","itemListElement":[{"@type":"ListItem","position":1,"name":"Home","item":"https:\/\/bluetidemusic.com\/es\/"},{"@type":"ListItem","position":2,"name":"Trabajos a bordo"}]},{"@type":"WebSite","@id":"https:\/\/bluetidemusic.com\/es\/#website","url":"https:\/\/bluetidemusic.com\/es\/","name":"Blue Tide Music","description":"If you are looking for representation in the music industry,  you have come to the right place","potentialAction":[{"@type":"SearchAction","target":{"@type":"EntryPoint","urlTemplate":"https:\/\/bluetidemusic.com\/es\/?s={search_term_string}"},"query-input":"required name=search_term_string"}],"inLanguage":"es"}]}},"_links":{"self":[{"href":"https:\/\/bluetidemusic.com\/es\/wp-json\/wp\/v2\/pages\/1590"}],"collection":[{"href":"https:\/\/bluetidemusic.com\/es\/wp-json\/wp\/v2\/pages"}],"about":[{"href":"https:\/\/bluetidemusic.com\/es\/wp-json\/wp\/v2\/types\/page"}],"author":[{"embeddable":true,"href":"https:\/\/bluetidemusic.com\/es\/wp-json\/wp\/v2\/users\/1"}],"replies":[{"embeddable":true,"href":"https:\/\/bluetidemusic.com\/es\/wp-json\/wp\/v2\/comments?post=1590"}],"version-history":[{"count":7,"href":"https:\/\/bluetidemusic.com\/es\/wp-json\/wp\/v2\/pages\/1590\/revisions"}],"predecessor-version":[{"id":2291,"href":"https:\/\/bluetidemusic.com\/es\/wp-json\/wp\/v2\/pages\/1590\/revisions\/2291"}],"wp:attachment":[{"href":"https:\/\/bluetidemusic.com\/es\/wp-json\/wp\/v2\/media?parent=1590"}],"curies":[{"name":"wp","href":"https:\/\/api.w.org\/{rel}","templated":true}]}}