{"id":1584,"date":"2019-12-28T06:21:08","date_gmt":"2019-12-28T06:21:08","guid":{"rendered":"http:\/\/bluetidemusic.com\/apply-now\/"},"modified":"2020-02-08T22:54:59","modified_gmt":"2020-02-08T22:54:59","slug":"aplicar-ahora","status":"publish","type":"page","link":"https:\/\/bluetidemusic.com\/es\/aplicar-ahora\/","title":{"rendered":"Aplicar ahora"},"content":{"rendered":"<section class=\"fw-main-row  ls section_padding_top_50 section_padding_bottom_50 columns_padding_15\" >\n\t\t<div class=\"container\">\n\t\t<div class=\"row\">\n\t\t\t\n    <div class=\"col-xs-12\" >\n            \t<h3 class=\"text-center section_header \">\n\t<span class=\"  \">\n\t\t<h1 style=\"margin: 0px;font-size: 25px;text-transform: capital\">Formulario de Aplicaci\u00f3n<\/h1>\t<\/span>\n\t<\/h3>\n        <\/div>\n\n\n\t\t<\/div>\n\t<\/div>\n<\/section>\n\n","protected":false},"excerpt":{"rendered":"<p>Formulario de Aplicaci\u00f3n<\/p>\n","protected":false},"author":1,"featured_media":0,"parent":0,"menu_order":0,"comment_status":"closed","ping_status":"closed","template":"apply-now-form.php","meta":{"footnotes":""},"yoast_head":"<!-- This site is optimized with the Yoast SEO plugin v22.8 - https:\/\/yoast.com\/wordpress\/plugins\/seo\/ -->\n<title>Aplicar ahora - Blue Tide Music<\/title>\n<meta name=\"description\" content=\"Si est\u00e1s buscando representaci\u00f3n en la industria de la m\u00fasica, has llegado al lugar correcto. Tu audici\u00f3n no podr\u00eda estar mas cerca. Aplica ahora!\" \/>\n<meta name=\"robots\" content=\"index, follow, max-snippet:-1, max-image-preview:large, max-video-preview:-1\" \/>\n<link rel=\"canonical\" href=\"https:\/\/bluetidemusic.com\/es\/aplicar-ahora\/\" \/>\n<meta property=\"og:locale\" content=\"es_ES\" \/>\n<meta property=\"og:type\" content=\"article\" \/>\n<meta property=\"og:title\" content=\"Aplicar ahora - Blue Tide Music\" \/>\n<meta property=\"og:description\" content=\"Si est\u00e1s buscando representaci\u00f3n en la industria de la m\u00fasica, has llegado al lugar correcto. Tu audici\u00f3n no podr\u00eda estar mas cerca. Aplica ahora!\" \/>\n<meta property=\"og:url\" content=\"https:\/\/bluetidemusic.com\/es\/aplicar-ahora\/\" \/>\n<meta property=\"og:site_name\" content=\"Blue Tide Music\" \/>\n<meta property=\"article:modified_time\" content=\"2020-02-08T22:54:59+00:00\" \/>\n<meta name=\"twitter:card\" content=\"summary_large_image\" \/>\n<script type=\"application\/ld+json\" class=\"yoast-schema-graph\">{\"@context\":\"https:\/\/schema.org\",\"@graph\":[{\"@type\":\"WebPage\",\"@id\":\"https:\/\/bluetidemusic.com\/es\/aplicar-ahora\/\",\"url\":\"https:\/\/bluetidemusic.com\/es\/aplicar-ahora\/\",\"name\":\"Aplicar ahora - Blue Tide Music\",\"isPartOf\":{\"@id\":\"https:\/\/bluetidemusic.com\/es\/#website\"},\"datePublished\":\"2019-12-28T06:21:08+00:00\",\"dateModified\":\"2020-02-08T22:54:59+00:00\",\"description\":\"Si est\u00e1s buscando representaci\u00f3n en la industria de la m\u00fasica, has llegado al lugar correcto. Tu audici\u00f3n no podr\u00eda estar mas cerca. Aplica ahora!\",\"breadcrumb\":{\"@id\":\"https:\/\/bluetidemusic.com\/es\/aplicar-ahora\/#breadcrumb\"},\"inLanguage\":\"es\",\"potentialAction\":[{\"@type\":\"ReadAction\",\"target\":[\"https:\/\/bluetidemusic.com\/es\/aplicar-ahora\/\"]}]},{\"@type\":\"BreadcrumbList\",\"@id\":\"https:\/\/bluetidemusic.com\/es\/aplicar-ahora\/#breadcrumb\",\"itemListElement\":[{\"@type\":\"ListItem\",\"position\":1,\"name\":\"Home\",\"item\":\"https:\/\/bluetidemusic.com\/es\/\"},{\"@type\":\"ListItem\",\"position\":2,\"name\":\"Aplicar ahora\"}]},{\"@type\":\"WebSite\",\"@id\":\"https:\/\/bluetidemusic.com\/es\/#website\",\"url\":\"https:\/\/bluetidemusic.com\/es\/\",\"name\":\"Blue Tide Music\",\"description\":\"If you are looking for representation in the music industry,  you have come to the right place\",\"potentialAction\":[{\"@type\":\"SearchAction\",\"target\":{\"@type\":\"EntryPoint\",\"urlTemplate\":\"https:\/\/bluetidemusic.com\/es\/?s={search_term_string}\"},\"query-input\":\"required name=search_term_string\"}],\"inLanguage\":\"es\"}]}<\/script>\n<!-- \/ Yoast SEO plugin. -->","yoast_head_json":{"title":"Aplicar ahora - Blue Tide Music","description":"Si est\u00e1s buscando representaci\u00f3n en la industria de la m\u00fasica, has llegado al lugar correcto. Tu audici\u00f3n no podr\u00eda estar mas cerca. Aplica ahora!","robots":{"index":"index","follow":"follow","max-snippet":"max-snippet:-1","max-image-preview":"max-image-preview:large","max-video-preview":"max-video-preview:-1"},"canonical":"https:\/\/bluetidemusic.com\/es\/aplicar-ahora\/","og_locale":"es_ES","og_type":"article","og_title":"Aplicar ahora - Blue Tide Music","og_description":"Si est\u00e1s buscando representaci\u00f3n en la industria de la m\u00fasica, has llegado al lugar correcto. Tu audici\u00f3n no podr\u00eda estar mas cerca. Aplica ahora!","og_url":"https:\/\/bluetidemusic.com\/es\/aplicar-ahora\/","og_site_name":"Blue Tide Music","article_modified_time":"2020-02-08T22:54:59+00:00","twitter_card":"summary_large_image","schema":{"@context":"https:\/\/schema.org","@graph":[{"@type":"WebPage","@id":"https:\/\/bluetidemusic.com\/es\/aplicar-ahora\/","url":"https:\/\/bluetidemusic.com\/es\/aplicar-ahora\/","name":"Aplicar ahora - Blue Tide Music","isPartOf":{"@id":"https:\/\/bluetidemusic.com\/es\/#website"},"datePublished":"2019-12-28T06:21:08+00:00","dateModified":"2020-02-08T22:54:59+00:00","description":"Si est\u00e1s buscando representaci\u00f3n en la industria de la m\u00fasica, has llegado al lugar correcto. Tu audici\u00f3n no podr\u00eda estar mas cerca. Aplica ahora!","breadcrumb":{"@id":"https:\/\/bluetidemusic.com\/es\/aplicar-ahora\/#breadcrumb"},"inLanguage":"es","potentialAction":[{"@type":"ReadAction","target":["https:\/\/bluetidemusic.com\/es\/aplicar-ahora\/"]}]},{"@type":"BreadcrumbList","@id":"https:\/\/bluetidemusic.com\/es\/aplicar-ahora\/#breadcrumb","itemListElement":[{"@type":"ListItem","position":1,"name":"Home","item":"https:\/\/bluetidemusic.com\/es\/"},{"@type":"ListItem","position":2,"name":"Aplicar ahora"}]},{"@type":"WebSite","@id":"https:\/\/bluetidemusic.com\/es\/#website","url":"https:\/\/bluetidemusic.com\/es\/","name":"Blue Tide Music","description":"If you are looking for representation in the music industry,  you have come to the right place","potentialAction":[{"@type":"SearchAction","target":{"@type":"EntryPoint","urlTemplate":"https:\/\/bluetidemusic.com\/es\/?s={search_term_string}"},"query-input":"required name=search_term_string"}],"inLanguage":"es"}]}},"_links":{"self":[{"href":"https:\/\/bluetidemusic.com\/es\/wp-json\/wp\/v2\/pages\/1584"}],"collection":[{"href":"https:\/\/bluetidemusic.com\/es\/wp-json\/wp\/v2\/pages"}],"about":[{"href":"https:\/\/bluetidemusic.com\/es\/wp-json\/wp\/v2\/types\/page"}],"author":[{"embeddable":true,"href":"https:\/\/bluetidemusic.com\/es\/wp-json\/wp\/v2\/users\/1"}],"replies":[{"embeddable":true,"href":"https:\/\/bluetidemusic.com\/es\/wp-json\/wp\/v2\/comments?post=1584"}],"version-history":[{"count":0,"href":"https:\/\/bluetidemusic.com\/es\/wp-json\/wp\/v2\/pages\/1584\/revisions"}],"wp:attachment":[{"href":"https:\/\/bluetidemusic.com\/es\/wp-json\/wp\/v2\/media?parent=1584"}],"curies":[{"name":"wp","href":"https:\/\/api.w.org\/{rel}","templated":true}]}}