{"id":1570,"date":"2019-12-21T21:19:38","date_gmt":"2019-12-21T21:19:38","guid":{"rendered":"http:\/\/bluetidemusic.com\/privacy-policy\/"},"modified":"2020-02-08T23:15:00","modified_gmt":"2020-02-08T23:15:00","slug":"politica-de-privacidad","status":"publish","type":"page","link":"https:\/\/bluetidemusic.com\/es\/politica-de-privacidad\/","title":{"rendered":"Pol\u00edtica de privacidad"},"content":{"rendered":"<p><section class=\"fw-main-row  ls section_padding_top_30 section_padding_bottom_25 columns_padding_15\" >\n\t\t<div class=\"container\">\n\t\t<div class=\"row\">\n\t\t\t\n    <div class=\"col-xs-12 col-md-9\" >\n            \t<h3 class=\"text-left section_header \">\n\t<span class=\"  \">\n\t\t<h1 class=\"mpw-fonts-HelveticaLTNarrowBold_0\" style=\"margin: 0px;font-size: 25px;text-transform: capital\">Privacy Policy<\/h1>\t<\/span>\n\t<\/h3>\n    <p>Esta p\u00e1gina revela todas las formas en que <strong>BLUE TIDE MUSIC<\/strong>. re\u00fane y utiliza la informaci\u00f3n recopilada de clientes y contactos comerciales.<\/p>    <\/div>\n\n\n\t\t<\/div>\n\t<\/div>\n<\/section>\n<section class=\"fw-main-row  ls section_padding_top_25 section_padding_bottom_25 columns_padding_15\" >\n\t\t<div class=\"container\">\n\t\t<div class=\"row\">\n\t\t\t\n    <div class=\"col-xs-12 col-sm-6 col-md-3\" >\n        <p><strong>Uso y recolecci\u00f3n de informaci\u00f3n<\/strong><\/p>    <\/div>\n\n\n\n    <div class=\"col-xs-12 col-md-9\" >\n        <p>Se aplica a todos los datos que posee la compa\u00f1\u00eda sobre aquellos usuarios que tienen alguna interacci\u00f3n con el sitio web y los canales de la compa\u00f1\u00eda, incluso si esa informaci\u00f3n t\u00e9cnicamente queda fuera de la Ley de Protecci\u00f3n de Datos de 1998.<\/p><p>Esta informaci\u00f3n puede incluir:<\/p><p>\u25cf Nombres de usuarios<br \/>\u25cf Direcciones postales<br \/>\u25cf Correos electr\u00f3nicos<br \/>\u25cf N\u00fameros telef\u00f3nicos o celulares<br \/>\u25cf Nombres de compa\u00f1\u00edas<br \/>\u25cf Roles en la empresa<\/p>    <\/div>\n\n\n\t\t<\/div>\n\t<\/div>\n<\/section>\n<section class=\"fw-main-row  ls section_padding_top_25 section_padding_bottom_30 columns_padding_15\" >\n\t\t<div class=\"container\">\n\t\t<div class=\"row\">\n\t\t\t\n    <div class=\"col-xs-12 col-sm-6 col-md-3\" >\n        <p><strong>Datos de registro<\/strong><\/p>    <\/div>\n\n\n\n    <div class=\"col-xs-12 col-md-9\" >\n        <p><strong>BLUE TIDE MUSIC<\/strong> recopila informaci\u00f3n que el navegador del usuario env\u00eda cada vez que visita el sitio web (\"Datos de registro\"). Este registro de datos puede incluir informaci\u00f3n<br \/>como la direcci\u00f3n del protocolo de Internet (\"IP\") de su computadora, el tipo de navegador, la versi\u00f3n del navegador, la hora y fecha de la visita del usuario, el tiempo<br \/>dedicado a esas p\u00e1ginas y otras estad\u00edsticas.<\/p><p>Adem\u00e1s, <strong>BLUE TIDE MUSIC<\/strong> puede usar servicios de terceros como Google Analytics que recopilan, supervisan y analizan este tipo de informaci\u00f3n. Estos terceros proveedores de servicios tienen sus propias pol\u00edticas de<br \/>privacidad que abordan c\u00f3mo usan dicha informaci\u00f3n.<\/p>    <\/div>\n\n\n\t\t<\/div>\n\t<\/div>\n<\/section>\n<section class=\"fw-main-row  ls section_padding_top_25 section_padding_bottom_30 columns_padding_15\" >\n\t\t<div class=\"container\">\n\t\t<div class=\"row\">\n\t\t\t\n    <div class=\"col-xs-12 col-sm-6 col-md-3\" >\n        <p><strong>Acceso a la informaci\u00f3n<\/strong><\/p>    <\/div>\n\n\n\n    <div class=\"col-xs-12 col-md-9\" >\n        <p>Podemos utilizar la informaci\u00f3n personal proporcionada por los usuarios en campa\u00f1as o formularios de contacto para enviar boletines informativos, marketing o material<br \/>promocional.<\/p><p>Cuando el usuario acepta los t\u00e9rminos de <strong>BLUE TIDE MUSIC<\/strong> y la Pol\u00edtica de privacidad, el usuario puede recibir<br \/>informaci\u00f3n a trav\u00e9s de campa\u00f1as de marketing por correo electr\u00f3nico, incluyendo el siguiente contenido:<\/p><p>\u25cf Promociones<br \/>\u25cf Noticias de servicios<br \/>\u25cf Invitaciones<\/p><p>En caso de no querer recibir esta informaci\u00f3n, el usuario puede cancelar la suscripci\u00f3n siguiendo el enlace de<br \/>cancelaci\u00f3n o las instrucciones proporcionadas en cualquier correo electr\u00f3nico que enviemos, tambi\u00e9n puede<br \/>ponerse en contacto con nosotros en info@bluetidemusic.com<\/p>    <\/div>\n\n\n\t\t<\/div>\n\t<\/div>\n<\/section>\n<section class=\"fw-main-row  ls section_padding_top_25 section_padding_bottom_30 columns_padding_15\" >\n\t\t<div class=\"container\">\n\t\t<div class=\"row\">\n\t\t\t\n    <div class=\"col-xs-12 col-sm-6 col-md-3\" >\n        <p><b>Cookies<\/b><\/p>    <\/div>\n\n\n\n    <div class=\"col-xs-12 col-md-9\" >\n        <p>Las cookies son archivos con poca cantidad de datos, que pueden incluir un identificador \u00fanico an\u00f3nimo. Las cookies se env\u00edan a su navegador desde un sitio web y se<br \/>almacenan en el disco duro de su computadora.<\/p><p><strong>BLUE TIDE MUSIC<\/strong> usa cookies y p\u00edxeles<br \/>para recopilar informaci\u00f3n. El usuario puede indicarle a su navegador que rechace todas las cookies o que indique cu\u00e1ndo se env\u00eda una cookie.<\/p>    <\/div>\n\n\n\t\t<\/div>\n\t<\/div>\n<\/section>\n<section class=\"fw-main-row  ls section_padding_top_25 section_padding_bottom_30 columns_padding_15\" >\n\t\t<div class=\"container\">\n\t\t<div class=\"row\">\n\t\t\t\n    <div class=\"col-xs-12 col-sm-6 col-md-3\" >\n        <p><strong>Redes Sociales<\/strong><\/p>    <\/div>\n\n\n\n    <div class=\"col-xs-12 col-md-9\" >\n        <p><strong>BLUE TIDE MUSIC<\/strong> logra una presencia en los canales de redes sociales como Facebook e Instagram, para interactuar con el p\u00fablico. Toda la informaci\u00f3n recopilada en las campa\u00f1as de redes sociales debe ser proporcionada y aprobada por los usuarios.<\/p>    <\/div>\n\n\n\t\t<\/div>\n\t<\/div>\n<\/section>\n<section class=\"fw-main-row  ls section_padding_top_25 section_padding_bottom_30 columns_padding_15\" >\n\t\t<div class=\"container\">\n\t\t<div class=\"row\">\n\t\t\t\n    <div class=\"col-xs-12 col-sm-6 col-md-3\" >\n        <p><strong>Privacidad de los ni\u00f1os<\/strong><\/p>    <\/div>\n\n\n\n    <div class=\"col-xs-12 col-md-9\" >\n        <p>Nuestro servicio no se dirige a personas menores de 13 a\u00f1os. No recopilamos deliberadamente informaci\u00f3n personal identificable de ni\u00f1os menores de 13 a\u00f1os. Si<br \/>usted es un padre o tutor y sabe que sus hijos nos han proporcionado informaci\u00f3n personal, comun\u00edquese con nosotros al n\u00famero +57 3195578562 si nos damos<br \/>cuenta de que tenemos Informaci\u00f3n personal recopilada de ni\u00f1os menores de 13 a\u00f1os sin verificaci\u00f3n del consentimiento de los padres, tomamos medidas para eliminar esa informaci\u00f3n de nuestros servidores.<\/p>    <\/div>\n\n\n\t\t<\/div>\n\t<\/div>\n<\/section>\n<section class=\"fw-main-row  ls section_padding_top_25 section_padding_bottom_50 columns_padding_15\" >\n\t\t<div class=\"container\">\n\t\t<div class=\"row\">\n\t\t\t\n    <div class=\"col-xs-12\" >\n            \t<h5 class=\"text-center section_header \">\n\t<span class=\"highlight  \">\n\t\tSi tienes alguna inquietud acerca de esta pol\u00edtica\t<\/span>\n\t<\/h5>\n        <\/div>\n\n\n\t\t<\/div>\n\t<\/div>\n<\/section>\n<section class=\"fw-main-row  ls section_padding_top_0 section_padding_bottom_65 columns_padding_15\" >\n\t\t<div class=\"container\">\n\t\t<div class=\"row\">\n\t\t\t\n    <div class=\"col-xs-12 text-center\" >\n        <a href=\"\/contactanos\" target=\"_self\"\n   class=\"theme_button color\">\n    \t    <span>CONT\u00c1CTANOS<\/span>\n    <\/a>    <\/div>\n\n\n\t\t<\/div>\n\t<\/div>\n<\/section>\n<\/p>\n","protected":false},"excerpt":{"rendered":"<p>Privacy Policy Esta p\u00e1gina revela todas las formas en que BLUE TIDE MUSIC. re\u00fane y utiliza la informaci\u00f3n recopilada de clientes y contactos comerciales. Uso y recolecci\u00f3n de informaci\u00f3n Se aplica a todos los datos que posee la compa\u00f1\u00eda sobre aquellos usuarios que tienen alguna interacci\u00f3n con el sitio web y los canales de la [&hellip;]<\/p>\n","protected":false},"author":1,"featured_media":0,"parent":0,"menu_order":0,"comment_status":"closed","ping_status":"closed","template":"","meta":{"footnotes":""},"yoast_head":"<!-- This site is optimized with the Yoast SEO plugin v22.8 - https:\/\/yoast.com\/wordpress\/plugins\/seo\/ -->\n<title>Pol\u00edtica de privacidad - Blue Tide Music<\/title>\n<meta name=\"description\" content=\"Esta p\u00e1gina revela todas las formas en que BLUETIDE MUSIC. re\u00fane y utiliza la informaci\u00f3n recopilada de clientes y contactos comerciales.\" \/>\n<meta name=\"robots\" content=\"index, follow, max-snippet:-1, max-image-preview:large, max-video-preview:-1\" \/>\n<link rel=\"canonical\" href=\"https:\/\/bluetidemusic.com\/es\/politica-de-privacidad\/\" \/>\n<meta property=\"og:locale\" content=\"es_ES\" \/>\n<meta property=\"og:type\" content=\"article\" \/>\n<meta property=\"og:title\" content=\"Pol\u00edtica de privacidad - Blue Tide Music\" \/>\n<meta property=\"og:description\" content=\"Esta p\u00e1gina revela todas las formas en que BLUETIDE MUSIC. re\u00fane y utiliza la informaci\u00f3n recopilada de clientes y contactos comerciales.\" \/>\n<meta property=\"og:url\" content=\"https:\/\/bluetidemusic.com\/es\/politica-de-privacidad\/\" \/>\n<meta property=\"og:site_name\" content=\"Blue Tide Music\" \/>\n<meta property=\"article:modified_time\" content=\"2020-02-08T23:15:00+00:00\" \/>\n<meta name=\"twitter:card\" content=\"summary_large_image\" \/>\n<meta name=\"twitter:label1\" content=\"Tiempo de lectura\" \/>\n\t<meta name=\"twitter:data1\" content=\"3 minutos\" \/>\n<script type=\"application\/ld+json\" class=\"yoast-schema-graph\">{\"@context\":\"https:\/\/schema.org\",\"@graph\":[{\"@type\":\"WebPage\",\"@id\":\"https:\/\/bluetidemusic.com\/es\/politica-de-privacidad\/\",\"url\":\"https:\/\/bluetidemusic.com\/es\/politica-de-privacidad\/\",\"name\":\"Pol\u00edtica de privacidad - Blue Tide Music\",\"isPartOf\":{\"@id\":\"https:\/\/bluetidemusic.com\/es\/#website\"},\"datePublished\":\"2019-12-21T21:19:38+00:00\",\"dateModified\":\"2020-02-08T23:15:00+00:00\",\"description\":\"Esta p\u00e1gina revela todas las formas en que BLUETIDE MUSIC. re\u00fane y utiliza la informaci\u00f3n recopilada de clientes y contactos comerciales.\",\"breadcrumb\":{\"@id\":\"https:\/\/bluetidemusic.com\/es\/politica-de-privacidad\/#breadcrumb\"},\"inLanguage\":\"es\",\"potentialAction\":[{\"@type\":\"ReadAction\",\"target\":[\"https:\/\/bluetidemusic.com\/es\/politica-de-privacidad\/\"]}]},{\"@type\":\"BreadcrumbList\",\"@id\":\"https:\/\/bluetidemusic.com\/es\/politica-de-privacidad\/#breadcrumb\",\"itemListElement\":[{\"@type\":\"ListItem\",\"position\":1,\"name\":\"Home\",\"item\":\"https:\/\/bluetidemusic.com\/es\/\"},{\"@type\":\"ListItem\",\"position\":2,\"name\":\"Pol\u00edtica de privacidad\"}]},{\"@type\":\"WebSite\",\"@id\":\"https:\/\/bluetidemusic.com\/es\/#website\",\"url\":\"https:\/\/bluetidemusic.com\/es\/\",\"name\":\"Blue Tide Music\",\"description\":\"If you are looking for representation in the music industry,  you have come to the right place\",\"potentialAction\":[{\"@type\":\"SearchAction\",\"target\":{\"@type\":\"EntryPoint\",\"urlTemplate\":\"https:\/\/bluetidemusic.com\/es\/?s={search_term_string}\"},\"query-input\":\"required name=search_term_string\"}],\"inLanguage\":\"es\"}]}<\/script>\n<!-- \/ Yoast SEO plugin. -->","yoast_head_json":{"title":"Pol\u00edtica de privacidad - Blue Tide Music","description":"Esta p\u00e1gina revela todas las formas en que BLUETIDE MUSIC. re\u00fane y utiliza la informaci\u00f3n recopilada de clientes y contactos comerciales.","robots":{"index":"index","follow":"follow","max-snippet":"max-snippet:-1","max-image-preview":"max-image-preview:large","max-video-preview":"max-video-preview:-1"},"canonical":"https:\/\/bluetidemusic.com\/es\/politica-de-privacidad\/","og_locale":"es_ES","og_type":"article","og_title":"Pol\u00edtica de privacidad - Blue Tide Music","og_description":"Esta p\u00e1gina revela todas las formas en que BLUETIDE MUSIC. re\u00fane y utiliza la informaci\u00f3n recopilada de clientes y contactos comerciales.","og_url":"https:\/\/bluetidemusic.com\/es\/politica-de-privacidad\/","og_site_name":"Blue Tide Music","article_modified_time":"2020-02-08T23:15:00+00:00","twitter_card":"summary_large_image","twitter_misc":{"Tiempo de lectura":"3 minutos"},"schema":{"@context":"https:\/\/schema.org","@graph":[{"@type":"WebPage","@id":"https:\/\/bluetidemusic.com\/es\/politica-de-privacidad\/","url":"https:\/\/bluetidemusic.com\/es\/politica-de-privacidad\/","name":"Pol\u00edtica de privacidad - Blue Tide Music","isPartOf":{"@id":"https:\/\/bluetidemusic.com\/es\/#website"},"datePublished":"2019-12-21T21:19:38+00:00","dateModified":"2020-02-08T23:15:00+00:00","description":"Esta p\u00e1gina revela todas las formas en que BLUETIDE MUSIC. re\u00fane y utiliza la informaci\u00f3n recopilada de clientes y contactos comerciales.","breadcrumb":{"@id":"https:\/\/bluetidemusic.com\/es\/politica-de-privacidad\/#breadcrumb"},"inLanguage":"es","potentialAction":[{"@type":"ReadAction","target":["https:\/\/bluetidemusic.com\/es\/politica-de-privacidad\/"]}]},{"@type":"BreadcrumbList","@id":"https:\/\/bluetidemusic.com\/es\/politica-de-privacidad\/#breadcrumb","itemListElement":[{"@type":"ListItem","position":1,"name":"Home","item":"https:\/\/bluetidemusic.com\/es\/"},{"@type":"ListItem","position":2,"name":"Pol\u00edtica de privacidad"}]},{"@type":"WebSite","@id":"https:\/\/bluetidemusic.com\/es\/#website","url":"https:\/\/bluetidemusic.com\/es\/","name":"Blue Tide Music","description":"If you are looking for representation in the music industry,  you have come to the right place","potentialAction":[{"@type":"SearchAction","target":{"@type":"EntryPoint","urlTemplate":"https:\/\/bluetidemusic.com\/es\/?s={search_term_string}"},"query-input":"required name=search_term_string"}],"inLanguage":"es"}]}},"_links":{"self":[{"href":"https:\/\/bluetidemusic.com\/es\/wp-json\/wp\/v2\/pages\/1570"}],"collection":[{"href":"https:\/\/bluetidemusic.com\/es\/wp-json\/wp\/v2\/pages"}],"about":[{"href":"https:\/\/bluetidemusic.com\/es\/wp-json\/wp\/v2\/types\/page"}],"author":[{"embeddable":true,"href":"https:\/\/bluetidemusic.com\/es\/wp-json\/wp\/v2\/users\/1"}],"replies":[{"embeddable":true,"href":"https:\/\/bluetidemusic.com\/es\/wp-json\/wp\/v2\/comments?post=1570"}],"version-history":[{"count":0,"href":"https:\/\/bluetidemusic.com\/es\/wp-json\/wp\/v2\/pages\/1570\/revisions"}],"wp:attachment":[{"href":"https:\/\/bluetidemusic.com\/es\/wp-json\/wp\/v2\/media?parent=1570"}],"curies":[{"name":"wp","href":"https:\/\/api.w.org\/{rel}","templated":true}]}}