{"id":1568,"date":"2019-12-21T22:02:36","date_gmt":"2019-12-21T22:02:36","guid":{"rendered":"http:\/\/bluetidemusic.com\/about-us\/"},"modified":"2024-06-15T21:37:03","modified_gmt":"2024-06-15T21:37:03","slug":"acerca-de-nosotros","status":"publish","type":"page","link":"https:\/\/bluetidemusic.com\/es\/acerca-de-nosotros\/","title":{"rendered":"Acerca de nosotros"},"content":{"rendered":"<section class=\"fw-main-row  ls section_padding_top_50 section_padding_bottom_50 columns_padding_25\">\n<div class=\"container\">\n<div class=\"row\">\n<div class=\"col-xs-12 col-sm-6\">\n<h3 class=\"text-left section_header \"><span class=\"  \"><br \/>\n\u00bfPor qu\u00e9 embarcamos en esta traves\u00eda? <\/span><\/h3>\n<div class=\"fw-divider-space \" style=\"padding-top: 30px;\"><\/div>\n<p><span style=\"font-weight: 400;\">Blue Tide Music naci\u00f3 con un objetivo amplio, abrir las puertas que parecen cerradas para muchos m\u00fasicos, ya sea por desinformaci\u00f3n, falta de contactos o simplemente por no estar en el lugar y momento correcto. Buscamos brindar la preparaci\u00f3n adecuada para tomar las oportunidades que salgan a flote y que los m\u00fasicos las aprovechen al m\u00e1ximo.<\/span><\/p>\n<p><span style=\"font-weight: 400;\">Trabajando en la industria del entretenimiento y en el mundo de los cruceros, hemos adquirido un conocimiento profundo y actualizado del funcionamiento del medio. Este, siempre abierto a nuevos talentos, es el que queremos desarrollar con los m\u00fasicos que formen parte de nuestra tripulaci\u00f3n.<\/span><\/p>\n<p><span style=\"font-weight: 400;\">En su momento, fuimos parte de una agencia y pudimos experimentar las falencias dentro del servicio prestado durante nuestra etapa como m\u00fasicos profesionales, identificando as\u00ed esto como un problema frecuente de la industria.<\/span><\/p>\n<\/div>\n<div class=\"col-xs-12 col-sm-6\">\n<div class=\"padding_20 \"><img fetchpriority=\"high\" decoding=\"async\" class=\"alignnone wp-image-2295 \" src=\"http:\/\/bluetidemusic.com\/wp-content\/uploads\/2024\/06\/Blue-tide-music-911x1024.jpg\" alt=\"musicos-cruceros\" width=\"593\" height=\"666\" srcset=\"https:\/\/bluetidemusic.com\/wp-content\/uploads\/2024\/06\/Blue-tide-music-911x1024.jpg 911w, https:\/\/bluetidemusic.com\/wp-content\/uploads\/2024\/06\/Blue-tide-music-267x300.jpg 267w, https:\/\/bluetidemusic.com\/wp-content\/uploads\/2024\/06\/Blue-tide-music-768x863.jpg 768w, https:\/\/bluetidemusic.com\/wp-content\/uploads\/2024\/06\/Blue-tide-music-1367x1536.jpg 1367w, https:\/\/bluetidemusic.com\/wp-content\/uploads\/2024\/06\/Blue-tide-music.jpg 1424w\" sizes=\"(max-width: 593px) 100vw, 593px\" \/><\/div>\n<\/div>\n<\/div>\n<\/div>\n<\/section>\n<section class=\"fw-main-row  ls section_padding_top_0 section_padding_bottom_15 columns_padding_15\">\n<div class=\"container\">\n<div class=\"row\">\n<div class=\"col-xs-12\">\n<h3 class=\"text-left section_header \"><span class=\"  \"><br \/>\n\u00bfD\u00f3nde nos hemos anclado? <\/span><\/h3>\n<p><span style=\"font-weight: 400;\">Blue Tide Music cuenta con la experiencia y el conocimiento para preparar, guiar y acompa\u00f1ar a los m\u00fasicos a que se atrevan a dar el siguiente paso en sus carreras y poder mostrar su talento internacionalmente.<\/span><\/p>\n<\/div>\n<\/div>\n<\/div>\n<\/section>\n<section class=\"fw-main-row  ls section_padding_top_15 section_padding_bottom_50 columns_padding_25\">\n<div class=\"container\">\n<div class=\"row\">\n<div class=\"col-xs-12\">\n<h4 style=\"color: #19476e; text-align: center;\">As\u00ed que si estabas buscando grandes oportunidades has llegado al sitio correcto porque somos la conexi\u00f3n perfecta entre tus sue\u00f1os y la realidad.<\/h4>\n<\/div>\n<\/div>\n<\/div>\n<\/section>\n<section class=\"fw-main-row  ls section_padding_top_25 section_padding_bottom_30 columns_padding_15\">\n<div class=\"container\">\n<div class=\"row\">\n<div class=\"col-xs-12 text-center\">\n<div class=\"video-wrapper shortcode-container\"><\/div>\n<\/div>\n<\/div>\n<\/div>\n<\/section>\n<section class=\"fw-main-row  ls section_padding_top_15 section_padding_bottom_50 columns_padding_25\">\n<div class=\"container\">\n<div class=\"row\">\n<div class=\"col-xs-12\">\n<p><strong>TIP:<\/strong> Ent\u00e9rate de las diversas formas con que Bluetidemusic a planeado recompensar la fidelidad de sus artistas y c\u00f3mo puedes rebajar los gastos de representaci\u00f3n con nosotros. \u00a1Te aseguro que somos los \u00fanicos que ofrecemos este plan de compensaci\u00f3n en el mercado!<\/p>\n<\/div>\n<\/div>\n<\/div>\n<\/section>\n<section class=\"fw-main-row  ls section_padding_top_5 section_padding_bottom_50 columns_padding_15\">\n<div class=\"container\">\n<div class=\"row\">\n<div class=\"col-xs-12 text-center\"><a class=\"theme_button color\" href=\"\/?page_id=1584\" target=\"_self\" rel=\"noopener noreferrer\"><br \/>\n\u00a1ABORDA AHORA!<br \/>\n<\/a><\/div>\n<\/div>\n<\/div>\n<\/section>\n<p><!-- b541533d5cdec0d41bde648faa5baa1b --><\/p>\n","protected":false},"excerpt":{"rendered":"<p>\u00bfPor qu\u00e9 embarcamos en esta traves\u00eda? Blue Tide Music naci\u00f3 con un objetivo amplio, abrir las puertas que parecen cerradas para muchos m\u00fasicos, ya sea por desinformaci\u00f3n, falta de contactos o simplemente por no estar en el lugar y momento correcto. Buscamos brindar la preparaci\u00f3n adecuada para tomar las oportunidades que salgan a flote y [&hellip;]<\/p>\n","protected":false},"author":1,"featured_media":0,"parent":0,"menu_order":0,"comment_status":"closed","ping_status":"closed","template":"","meta":{"footnotes":""},"yoast_head":"<!-- This site is optimized with the Yoast SEO plugin v22.8 - https:\/\/yoast.com\/wordpress\/plugins\/seo\/ -->\n<title>Acerca de nosotros - Blue Tide Music<\/title>\n<meta name=\"description\" content=\"Contamos con la experiencia y el conocimiento para preparar, guiar y acompa\u00f1ar a los m\u00fasicos a que se atrevan a dar el siguiente paso en sus carreras.\" \/>\n<meta name=\"robots\" content=\"index, follow, max-snippet:-1, max-image-preview:large, max-video-preview:-1\" \/>\n<link rel=\"canonical\" href=\"https:\/\/bluetidemusic.com\/es\/acerca-de-nosotros\/\" \/>\n<meta property=\"og:locale\" content=\"es_ES\" \/>\n<meta property=\"og:type\" content=\"article\" \/>\n<meta property=\"og:title\" content=\"Acerca de nosotros - Blue Tide Music\" \/>\n<meta property=\"og:description\" content=\"Contamos con la experiencia y el conocimiento para preparar, guiar y acompa\u00f1ar a los m\u00fasicos a que se atrevan a dar el siguiente paso en sus carreras.\" \/>\n<meta property=\"og:url\" content=\"https:\/\/bluetidemusic.com\/es\/acerca-de-nosotros\/\" \/>\n<meta property=\"og:site_name\" content=\"Blue Tide Music\" \/>\n<meta property=\"article:modified_time\" content=\"2024-06-15T21:37:03+00:00\" \/>\n<meta property=\"og:image\" content=\"http:\/\/bluetidemusic.com\/wp-content\/uploads\/2024\/06\/Blue-tide-music-911x1024.jpg\" \/>\n<meta name=\"twitter:card\" content=\"summary_large_image\" \/>\n<meta name=\"twitter:label1\" content=\"Tiempo de lectura\" \/>\n\t<meta name=\"twitter:data1\" content=\"2 minutos\" \/>\n<script type=\"application\/ld+json\" class=\"yoast-schema-graph\">{\"@context\":\"https:\/\/schema.org\",\"@graph\":[{\"@type\":\"WebPage\",\"@id\":\"https:\/\/bluetidemusic.com\/es\/acerca-de-nosotros\/\",\"url\":\"https:\/\/bluetidemusic.com\/es\/acerca-de-nosotros\/\",\"name\":\"Acerca de nosotros - Blue Tide Music\",\"isPartOf\":{\"@id\":\"https:\/\/bluetidemusic.com\/es\/#website\"},\"primaryImageOfPage\":{\"@id\":\"https:\/\/bluetidemusic.com\/es\/acerca-de-nosotros\/#primaryimage\"},\"image\":{\"@id\":\"https:\/\/bluetidemusic.com\/es\/acerca-de-nosotros\/#primaryimage\"},\"thumbnailUrl\":\"http:\/\/bluetidemusic.com\/wp-content\/uploads\/2024\/06\/Blue-tide-music-911x1024.jpg\",\"datePublished\":\"2019-12-21T22:02:36+00:00\",\"dateModified\":\"2024-06-15T21:37:03+00:00\",\"description\":\"Contamos con la experiencia y el conocimiento para preparar, guiar y acompa\u00f1ar a los m\u00fasicos a que se atrevan a dar el siguiente paso en sus carreras.\",\"breadcrumb\":{\"@id\":\"https:\/\/bluetidemusic.com\/es\/acerca-de-nosotros\/#breadcrumb\"},\"inLanguage\":\"es\",\"potentialAction\":[{\"@type\":\"ReadAction\",\"target\":[\"https:\/\/bluetidemusic.com\/es\/acerca-de-nosotros\/\"]}]},{\"@type\":\"ImageObject\",\"inLanguage\":\"es\",\"@id\":\"https:\/\/bluetidemusic.com\/es\/acerca-de-nosotros\/#primaryimage\",\"url\":\"http:\/\/bluetidemusic.com\/wp-content\/uploads\/2024\/06\/Blue-tide-music-911x1024.jpg\",\"contentUrl\":\"http:\/\/bluetidemusic.com\/wp-content\/uploads\/2024\/06\/Blue-tide-music-911x1024.jpg\"},{\"@type\":\"BreadcrumbList\",\"@id\":\"https:\/\/bluetidemusic.com\/es\/acerca-de-nosotros\/#breadcrumb\",\"itemListElement\":[{\"@type\":\"ListItem\",\"position\":1,\"name\":\"Home\",\"item\":\"https:\/\/bluetidemusic.com\/es\/\"},{\"@type\":\"ListItem\",\"position\":2,\"name\":\"Acerca de nosotros\"}]},{\"@type\":\"WebSite\",\"@id\":\"https:\/\/bluetidemusic.com\/es\/#website\",\"url\":\"https:\/\/bluetidemusic.com\/es\/\",\"name\":\"Blue Tide Music\",\"description\":\"If you are looking for representation in the music industry,  you have come to the right place\",\"potentialAction\":[{\"@type\":\"SearchAction\",\"target\":{\"@type\":\"EntryPoint\",\"urlTemplate\":\"https:\/\/bluetidemusic.com\/es\/?s={search_term_string}\"},\"query-input\":\"required name=search_term_string\"}],\"inLanguage\":\"es\"}]}<\/script>\n<!-- \/ Yoast SEO plugin. -->","yoast_head_json":{"title":"Acerca de nosotros - Blue Tide Music","description":"Contamos con la experiencia y el conocimiento para preparar, guiar y acompa\u00f1ar a los m\u00fasicos a que se atrevan a dar el siguiente paso en sus carreras.","robots":{"index":"index","follow":"follow","max-snippet":"max-snippet:-1","max-image-preview":"max-image-preview:large","max-video-preview":"max-video-preview:-1"},"canonical":"https:\/\/bluetidemusic.com\/es\/acerca-de-nosotros\/","og_locale":"es_ES","og_type":"article","og_title":"Acerca de nosotros - Blue Tide Music","og_description":"Contamos con la experiencia y el conocimiento para preparar, guiar y acompa\u00f1ar a los m\u00fasicos a que se atrevan a dar el siguiente paso en sus carreras.","og_url":"https:\/\/bluetidemusic.com\/es\/acerca-de-nosotros\/","og_site_name":"Blue Tide Music","article_modified_time":"2024-06-15T21:37:03+00:00","og_image":[{"url":"http:\/\/bluetidemusic.com\/wp-content\/uploads\/2024\/06\/Blue-tide-music-911x1024.jpg"}],"twitter_card":"summary_large_image","twitter_misc":{"Tiempo de lectura":"2 minutos"},"schema":{"@context":"https:\/\/schema.org","@graph":[{"@type":"WebPage","@id":"https:\/\/bluetidemusic.com\/es\/acerca-de-nosotros\/","url":"https:\/\/bluetidemusic.com\/es\/acerca-de-nosotros\/","name":"Acerca de nosotros - Blue Tide Music","isPartOf":{"@id":"https:\/\/bluetidemusic.com\/es\/#website"},"primaryImageOfPage":{"@id":"https:\/\/bluetidemusic.com\/es\/acerca-de-nosotros\/#primaryimage"},"image":{"@id":"https:\/\/bluetidemusic.com\/es\/acerca-de-nosotros\/#primaryimage"},"thumbnailUrl":"http:\/\/bluetidemusic.com\/wp-content\/uploads\/2024\/06\/Blue-tide-music-911x1024.jpg","datePublished":"2019-12-21T22:02:36+00:00","dateModified":"2024-06-15T21:37:03+00:00","description":"Contamos con la experiencia y el conocimiento para preparar, guiar y acompa\u00f1ar a los m\u00fasicos a que se atrevan a dar el siguiente paso en sus carreras.","breadcrumb":{"@id":"https:\/\/bluetidemusic.com\/es\/acerca-de-nosotros\/#breadcrumb"},"inLanguage":"es","potentialAction":[{"@type":"ReadAction","target":["https:\/\/bluetidemusic.com\/es\/acerca-de-nosotros\/"]}]},{"@type":"ImageObject","inLanguage":"es","@id":"https:\/\/bluetidemusic.com\/es\/acerca-de-nosotros\/#primaryimage","url":"http:\/\/bluetidemusic.com\/wp-content\/uploads\/2024\/06\/Blue-tide-music-911x1024.jpg","contentUrl":"http:\/\/bluetidemusic.com\/wp-content\/uploads\/2024\/06\/Blue-tide-music-911x1024.jpg"},{"@type":"BreadcrumbList","@id":"https:\/\/bluetidemusic.com\/es\/acerca-de-nosotros\/#breadcrumb","itemListElement":[{"@type":"ListItem","position":1,"name":"Home","item":"https:\/\/bluetidemusic.com\/es\/"},{"@type":"ListItem","position":2,"name":"Acerca de nosotros"}]},{"@type":"WebSite","@id":"https:\/\/bluetidemusic.com\/es\/#website","url":"https:\/\/bluetidemusic.com\/es\/","name":"Blue Tide Music","description":"If you are looking for representation in the music industry,  you have come to the right place","potentialAction":[{"@type":"SearchAction","target":{"@type":"EntryPoint","urlTemplate":"https:\/\/bluetidemusic.com\/es\/?s={search_term_string}"},"query-input":"required name=search_term_string"}],"inLanguage":"es"}]}},"_links":{"self":[{"href":"https:\/\/bluetidemusic.com\/es\/wp-json\/wp\/v2\/pages\/1568"}],"collection":[{"href":"https:\/\/bluetidemusic.com\/es\/wp-json\/wp\/v2\/pages"}],"about":[{"href":"https:\/\/bluetidemusic.com\/es\/wp-json\/wp\/v2\/types\/page"}],"author":[{"embeddable":true,"href":"https:\/\/bluetidemusic.com\/es\/wp-json\/wp\/v2\/users\/1"}],"replies":[{"embeddable":true,"href":"https:\/\/bluetidemusic.com\/es\/wp-json\/wp\/v2\/comments?post=1568"}],"version-history":[{"count":3,"href":"https:\/\/bluetidemusic.com\/es\/wp-json\/wp\/v2\/pages\/1568\/revisions"}],"predecessor-version":[{"id":2300,"href":"https:\/\/bluetidemusic.com\/es\/wp-json\/wp\/v2\/pages\/1568\/revisions\/2300"}],"wp:attachment":[{"href":"https:\/\/bluetidemusic.com\/es\/wp-json\/wp\/v2\/media?parent=1568"}],"curies":[{"name":"wp","href":"https:\/\/api.w.org\/{rel}","templated":true}]}}