{"id":1318,"date":"2017-11-23T08:51:30","date_gmt":"2017-11-23T08:51:30","guid":{"rendered":"http:\/\/bluetidemusic.com\/?page_id=1318"},"modified":"2024-06-17T23:46:56","modified_gmt":"2024-06-17T23:46:56","slug":"home","status":"publish","type":"page","link":"https:\/\/bluetidemusic.com\/es\/","title":{"rendered":"Home"},"content":{"rendered":"<p><section class=\"fw-main-row  ls section_padding_top_0 section_padding_bottom_0 columns_padding_0 columns_margin_top_0 columns_margin_bottom_0\"  id=\"home-main-slider\">\n\t\t<div class=\"container-fluid\">\n\t\t<div class=\"row\">\n\t\t\t\n    <div class=\"col-xs-12\" >\n        <p>\n\t\t\t<!-- START Home Slider ES REVOLUTION SLIDER 6.5.15 --><p class=\"rs-p-wp-fix\"><\/p>\n\t\t\t<rs-module-wrap id=\"rev_slider_4_1_wrapper\" data-source=\"gallery\" style=\"visibility:hidden;background:transparent;padding:0;margin:0px auto;margin-top:0;margin-bottom:0;\">\n\t\t\t\t<rs-module id=\"rev_slider_4_1\" style=\"\" data-version=\"6.5.15\">\n\t\t\t\t\t<rs-slides>\n\t\t\t\t\t\t<rs-slide style=\"position: absolute;\" data-key=\"rs-11\" data-title=\"Slide\" data-anim=\"ms:600;\" data-in=\"o:0;\" data-out=\"a:false;\">\n\t\t\t\t\t\t\t<img fetchpriority=\"high\" decoding=\"async\" src=\"\/\/bluetidemusic.com\/wp-content\/plugins\/revslider\/public\/assets\/assets\/dummy.png\" alt=\"\" title=\"BlueTideMusic-cruise-ship-agency\" width=\"1920\" height=\"1079\" class=\"rev-slidebg tp-rs-img rs-lazyload\" data-lazyload=\"\/\/bluetidemusic.com\/wp-content\/uploads\/2020\/02\/BlueTideMusic-cruise-ship-agency.jpg\" data-no-retina>\n\t\t\t\t\t\t\t<rs-bgvideo \n\t\t\t\t\t\t\t\tdata-video=\"w:100%;h:100%;l:false;ptimer:false;vfc:true;\"\n\t\t\t\t\t\t\t\tdata-mp4=\"\/\/bluetidemusic.com\/wp-content\/uploads\/2024\/06\/BLUETIDEMUSIC.mp4\"\n\t\t\t\t\t\t\t><\/rs-bgvideo>\n<!--\n\t\t\t\t\t\t\t--><rs-layer\n\t\t\t\t\t\t\t\tid=\"slider-4-slide-11-layer-2\" \n\t\t\t\t\t\t\t\tdata-type=\"text\"\n\t\t\t\t\t\t\t\tdata-color=\"#ffffff\"\n\t\t\t\t\t\t\t\tdata-rsp_ch=\"on\"\n\t\t\t\t\t\t\t\tdata-xy=\"x:c;y:c;\"\n\t\t\t\t\t\t\t\tdata-text=\"w:normal;s:65;l:65;\"\n\t\t\t\t\t\t\t\tdata-ford=\"frame_0;frame_1;frame_2;frame_999;\"\n\t\t\t\t\t\t\t\tdata-frame_0=\"sX:0.5;sY:0.5;\"\n\t\t\t\t\t\t\t\tdata-frame_1=\"sX:1.5;sY:1.5;st:1500;sp:1500;sR:1500;\"\n\t\t\t\t\t\t\t\tdata-frame_999=\"o:0;st:w;sR:4500;\"\n\t\t\t\t\t\t\t\tdata-frame_2=\"sX:1;sY:1;oX:50%;oY:50%;oZ:0;tp:600px;st:3000;sp:1500;\"\n\t\t\t\t\t\t\t\tstyle=\"z-index:9;font-family:'Montserrat';\"\n\t\t\t\t\t\t\t>CONECTANDO TUS SUE\u00d1OS CON LA REALIDAD \n\t\t\t\t\t\t\t<\/rs-layer><!--\n\n\t\t\t\t\t\t\t--><a\n\t\t\t\t\t\t\t\tid=\"slider-4-slide-11-layer-3\" \n\t\t\t\t\t\t\t\tclass=\"rs-layer rev-btn\"\n\t\t\t\t\t\t\t\thref=\"https:\/\/www.youtube.com\/watch?v=zPMW3GN2bhs\" target=\"_blank\" rel=\"nofollow noopener\"\n\t\t\t\t\t\t\t\tdata-type=\"button\"\n\t\t\t\t\t\t\t\tdata-color=\"#ffffff\"\n\t\t\t\t\t\t\t\tdata-rsp_ch=\"on\"\n\t\t\t\t\t\t\t\tdata-xy=\"x:c;y:c;yo:140px;\"\n\t\t\t\t\t\t\t\tdata-text=\"w:normal;s:35;l:35;\"\n\t\t\t\t\t\t\t\tdata-dim=\"minh:0px;\"\n\t\t\t\t\t\t\t\tdata-padding=\"t:20;r:40;b:20;l:40;\"\n\t\t\t\t\t\t\t\tdata-border=\"bor:3px,3px,3px,3px;\"\n\t\t\t\t\t\t\t\tdata-frame_0=\"y:top;\"\n\t\t\t\t\t\t\t\tdata-frame_1=\"sX:inherit;sY:inherit;st:3000;sp:3000;sR:3000;\"\n\t\t\t\t\t\t\t\tdata-frame_999=\"o:0;st:w;sR:3000;\"\n\t\t\t\t\t\t\t\tdata-frame_hover=\"bgc:linear-gradient(rgba(0,94,134,1) 0%, rgba(25,71,110,1) 100%);bor:3px,3px,3px,3px;sp:100;e:power1.inOut;bri:120%;\"\n\t\t\t\t\t\t\t\tstyle=\"z-index:8;background:linear-gradient(to right, #005E86, #19476E);font-family:'Montserrat';\"\n\t\t\t\t\t\t\t>VER VIDEO \n\t\t\t\t\t\t\t<\/a><!--\n\n\t\t\t\t\t\t\t--><rs-layer\n\t\t\t\t\t\t\t\tid=\"slider-4-slide-11-layer-4\" \n\t\t\t\t\t\t\t\tdata-type=\"text\"\n\t\t\t\t\t\t\t\tdata-color=\"#ffffff\"\n\t\t\t\t\t\t\t\tdata-rsp_ch=\"on\"\n\t\t\t\t\t\t\t\tdata-xy=\"x:c;y:c;yo:-90px;\"\n\t\t\t\t\t\t\t\tdata-text=\"w:normal;s:80;l:80;\"\n\t\t\t\t\t\t\t\tdata-ford=\"frame_0;frame_1;frame_2;frame_999;\"\n\t\t\t\t\t\t\t\tdata-frame_0=\"sX:0.5;sY:0.5;\"\n\t\t\t\t\t\t\t\tdata-frame_1=\"sX:1.5;sY:1.5;sp:1500;\"\n\t\t\t\t\t\t\t\tdata-frame_999=\"o:0;st:w;sR:6000;\"\n\t\t\t\t\t\t\t\tdata-frame_2=\"sX:1;sY:1;oX:50%;oY:50%;oZ:0;tp:600px;st:1500;sp:1500;\"\n\t\t\t\t\t\t\t\tstyle=\"z-index:10;font-family:'Montserrat';\"\n\t\t\t\t\t\t\t>BLUETIDE MUSIC GLOBAL ENTERTAINMENT \n\t\t\t\t\t\t\t<\/rs-layer><!--\n-->\t\t\t\t\t\t<\/rs-slide>\n\t\t\t\t\t<\/rs-slides>\n\t\t\t\t<\/rs-module>\n\t\t\t\t<script>\n\t\t\t\t\tsetREVStartSize({c: 'rev_slider_4_1',rl:[1240,1024,778,480],el:[1079],gw:[1920],gh:[1079],type:'standard',justify:'',layout:'fullwidth',mh:\"0\"});if (window.RS_MODULES!==undefined && window.RS_MODULES.modules!==undefined && window.RS_MODULES.modules[\"revslider41\"]!==undefined) {window.RS_MODULES.modules[\"revslider41\"].once = false;window.revapi4 = undefined;if (window.RS_MODULES.checkMinimal!==undefined) window.RS_MODULES.checkMinimal()}\n\t\t\t\t<\/script>\n\t\t\t<\/rs-module-wrap>\n\t\t\t<!-- END REVOLUTION SLIDER -->\n<\/p>    <\/div>\n\n\n\t\t<\/div>\n\t<\/div>\n<\/section>\n<section class=\"fw-main-row  ls section_padding_top_50 section_padding_bottom_25 columns_padding_15 table_section table_section_md\"  id=\"about\">\n\t\t<div class=\"container\">\n\t\t<div class=\"row\">\n\t\t\t\n    <div class=\"col-xs-12\" >\n        \n\t<div class=\"fw-divider-space \" style=\"padding-top: 0px;\"><\/div>\n    \t<h3 class=\"text-center section_header \">\n\t<span class=\"highlight  \">\n\t\tL\u00e1nzate y comienza esta aventura\t<\/span>\n\t<\/h3>\n        <\/div>\n\n\n\t\t<\/div>\n\t<\/div>\n<\/section>\n<section class=\"fw-main-row  ls section_padding_top_25 section_padding_bottom_50 columns_padding_15 table_section table_section_md\" >\n\t\t<div class=\"container-fluid\">\n\t\t<div class=\"row\">\n\t\t\t\n    <div class=\"col-xs-12 text-center\" >\n        <a href=\"\/es\/aplicar-ahora\" target=\"_self\"\n   class=\"theme_button color\">\n    \t    <span>\u00a1APLICA AHORA!<\/span>\n    <\/a>    <\/div>\n\n\n\t\t<\/div>\n\t<\/div>\n<\/section>\n<section class=\"fw-main-row  ls ms section_padding_top_150 section_padding_bottom_150 columns_padding_15 background_cover\"  id=\"featured-video\">\n\t\t<div class=\"container\">\n\t\t<div class=\"row\">\n\t\t\t    \t<h3 class=\"text-center section_header \">\n\t<span class=\"highlight  \">\n\t\tQu\u00e9 dicen nuestros m\u00fasicos\t<\/span>\n\t<\/h3>\n    \n\t<div class=\"fw-divider-space \" style=\"padding-top: 0px;\"><\/div>\n\n    <div class=\"col-xs-12 col-sm-6 col-md-4 text-center\" >\n                <div class=\"padding_10 \">\n            <div class=\"video-wrapper shortcode-container\">\n\t<iframe title=\"LA ESTACIO\u0301N MUSIC LITE - Video testimonio\" width=\"500\" height=\"281\" src=\"https:\/\/www.youtube.com\/embed\/MdXTDTCNeWs?feature=oembed\" frameborder=\"0\" allow=\"accelerometer; autoplay; clipboard-write; encrypted-media; gyroscope; picture-in-picture; web-share\" referrerpolicy=\"strict-origin-when-cross-origin\" allowfullscreen><\/iframe><\/div>\n        <\/div>\n        <\/div>\n\n\n\n    <div class=\"col-xs-12 col-sm-6 col-md-4 text-center\" >\n                <div class=\"padding_10 \">\n            <div class=\"video-wrapper shortcode-container\">\n\t<iframe title=\"Presentaci\u00f3n Fundador - BlueTideMusic Global Entertainment\" width=\"500\" height=\"281\" src=\"https:\/\/www.youtube.com\/embed\/Mp1A_xipPO8?feature=oembed\" frameborder=\"0\" allow=\"accelerometer; autoplay; clipboard-write; encrypted-media; gyroscope; picture-in-picture; web-share\" referrerpolicy=\"strict-origin-when-cross-origin\" allowfullscreen><\/iframe><\/div>\n        <\/div>\n        <\/div>\n\n\n\n    <div class=\"col-xs-12 col-sm-6 col-md-4 text-center\" >\n                <div class=\"padding_10 \">\n            <div class=\"video-wrapper shortcode-container\">\n\t<iframe title=\"Nicola\u0301s Cruz  - Video testimonio\" width=\"500\" height=\"281\" src=\"https:\/\/www.youtube.com\/embed\/6jfM-TaTJJs?feature=oembed\" frameborder=\"0\" allow=\"accelerometer; autoplay; clipboard-write; encrypted-media; gyroscope; picture-in-picture; web-share\" referrerpolicy=\"strict-origin-when-cross-origin\" allowfullscreen><\/iframe><\/div>\n        <\/div>\n        <\/div>\n\n\n\t\t<\/div>\n\t<\/div>\n<\/section>\n\n    <div class=\"col-xs-12\" >\n            \t<h3 class=\"text-center section_header \">\n\t<span class=\"highlight  \">\n\t\tNuestro Instagram\t<\/span>\n\t<\/h3>\n    <aside class=\"shortcode-widget-area\"><div class=\"widget-theme-wrapper widget_no_background \"><div id=\"block-3\" class=\"widget widget_block\"><style type=\"text\/css\">.zoom-instagram.feed-2208{font-size:14px!important;padding:1px!important;}.zoom-instagram.feed-2208 .zoom-instagram-widget__items{display:grid!important;grid-template-columns:repeat(4,1fr);}.zoom-instagram.feed-2208 .zoom-instagram-widget__items{gap:10px!important;}<\/style>\n&#8230;<\/div><\/div><\/aside>\n    <\/div>\n\n\n<\/p>\n","protected":false},"excerpt":{"rendered":"<p>CONECTANDO TUS SUE\u00d1OS CON LA REALIDAD VER VIDEO BLUETIDE MUSIC GLOBAL ENTERTAINMENT L\u00e1nzate y comienza esta aventura \u00a1APLICA AHORA! Qu\u00e9 dicen nuestros m\u00fasicos Nuestro Instagram &#8230;<\/p>\n","protected":false},"author":1,"featured_media":1298,"parent":0,"menu_order":0,"comment_status":"closed","ping_status":"closed","template":"page-templates\/full-width.php","meta":{"footnotes":""},"yoast_head":"<!-- This site is optimized with the Yoast SEO plugin v22.8 - https:\/\/yoast.com\/wordpress\/plugins\/seo\/ -->\n<title>Home - Blue Tide Music<\/title>\n<meta name=\"description\" content=\"Como agencia de m\u00fasicos brindamos la preparaci\u00f3n adecuada para tomar las oportunidades que salgan a flote y que los m\u00fasicos las aprovechen al m\u00e1ximo.\" \/>\n<meta name=\"robots\" content=\"index, follow, max-snippet:-1, max-image-preview:large, max-video-preview:-1\" \/>\n<link rel=\"canonical\" href=\"https:\/\/bluetidemusic.com\/es\/\" \/>\n<meta property=\"og:locale\" content=\"es_ES\" \/>\n<meta property=\"og:type\" content=\"article\" \/>\n<meta property=\"og:title\" content=\"Home - Blue Tide Music\" \/>\n<meta property=\"og:description\" content=\"Como agencia de m\u00fasicos brindamos la preparaci\u00f3n adecuada para tomar las oportunidades que salgan a flote y que los m\u00fasicos las aprovechen al m\u00e1ximo.\" \/>\n<meta property=\"og:url\" content=\"https:\/\/bluetidemusic.com\/es\/\" \/>\n<meta property=\"og:site_name\" content=\"Blue Tide Music\" \/>\n<meta property=\"article:modified_time\" content=\"2024-06-17T23:46:56+00:00\" \/>\n<meta property=\"og:image\" content=\"https:\/\/bluetidemusic.com\/wp-content\/uploads\/2019\/12\/bluetide_home.png\" \/>\n\t<meta property=\"og:image:width\" content=\"172\" \/>\n\t<meta property=\"og:image:height\" content=\"127\" \/>\n\t<meta property=\"og:image:type\" content=\"image\/png\" \/>\n<meta name=\"twitter:card\" content=\"summary_large_image\" \/>\n<meta name=\"twitter:label1\" content=\"Tiempo de lectura\" \/>\n\t<meta name=\"twitter:data1\" content=\"11 minutos\" \/>\n<script type=\"application\/ld+json\" class=\"yoast-schema-graph\">{\"@context\":\"https:\/\/schema.org\",\"@graph\":[{\"@type\":\"WebPage\",\"@id\":\"https:\/\/bluetidemusic.com\/es\/\",\"url\":\"https:\/\/bluetidemusic.com\/es\/\",\"name\":\"Home - Blue Tide Music\",\"isPartOf\":{\"@id\":\"https:\/\/bluetidemusic.com\/es\/#website\"},\"primaryImageOfPage\":{\"@id\":\"https:\/\/bluetidemusic.com\/es\/#primaryimage\"},\"image\":{\"@id\":\"https:\/\/bluetidemusic.com\/es\/#primaryimage\"},\"thumbnailUrl\":\"https:\/\/bluetidemusic.com\/wp-content\/uploads\/2019\/12\/bluetide_home.png\",\"datePublished\":\"2017-11-23T08:51:30+00:00\",\"dateModified\":\"2024-06-17T23:46:56+00:00\",\"description\":\"Como agencia de m\u00fasicos brindamos la preparaci\u00f3n adecuada para tomar las oportunidades que salgan a flote y que los m\u00fasicos las aprovechen al m\u00e1ximo.\",\"breadcrumb\":{\"@id\":\"https:\/\/bluetidemusic.com\/es\/#breadcrumb\"},\"inLanguage\":\"es\",\"potentialAction\":[{\"@type\":\"ReadAction\",\"target\":[\"https:\/\/bluetidemusic.com\/es\/\"]}]},{\"@type\":\"ImageObject\",\"inLanguage\":\"es\",\"@id\":\"https:\/\/bluetidemusic.com\/es\/#primaryimage\",\"url\":\"https:\/\/bluetidemusic.com\/wp-content\/uploads\/2019\/12\/bluetide_home.png\",\"contentUrl\":\"https:\/\/bluetidemusic.com\/wp-content\/uploads\/2019\/12\/bluetide_home.png\",\"width\":172,\"height\":127},{\"@type\":\"BreadcrumbList\",\"@id\":\"https:\/\/bluetidemusic.com\/es\/#breadcrumb\",\"itemListElement\":[{\"@type\":\"ListItem\",\"position\":1,\"name\":\"Home\",\"item\":\"https:\/\/bluetidemusic.com\/es\/\"},{\"@type\":\"ListItem\",\"position\":2,\"name\":\"Home\"}]},{\"@type\":\"WebSite\",\"@id\":\"https:\/\/bluetidemusic.com\/es\/#website\",\"url\":\"https:\/\/bluetidemusic.com\/es\/\",\"name\":\"Blue Tide Music\",\"description\":\"If you are looking for representation in the music industry,  you have come to the right place\",\"potentialAction\":[{\"@type\":\"SearchAction\",\"target\":{\"@type\":\"EntryPoint\",\"urlTemplate\":\"https:\/\/bluetidemusic.com\/es\/?s={search_term_string}\"},\"query-input\":\"required name=search_term_string\"}],\"inLanguage\":\"es\"}]}<\/script>\n<!-- \/ Yoast SEO plugin. -->","yoast_head_json":{"title":"Home - Blue Tide Music","description":"Como agencia de m\u00fasicos brindamos la preparaci\u00f3n adecuada para tomar las oportunidades que salgan a flote y que los m\u00fasicos las aprovechen al m\u00e1ximo.","robots":{"index":"index","follow":"follow","max-snippet":"max-snippet:-1","max-image-preview":"max-image-preview:large","max-video-preview":"max-video-preview:-1"},"canonical":"https:\/\/bluetidemusic.com\/es\/","og_locale":"es_ES","og_type":"article","og_title":"Home - Blue Tide Music","og_description":"Como agencia de m\u00fasicos brindamos la preparaci\u00f3n adecuada para tomar las oportunidades que salgan a flote y que los m\u00fasicos las aprovechen al m\u00e1ximo.","og_url":"https:\/\/bluetidemusic.com\/es\/","og_site_name":"Blue Tide Music","article_modified_time":"2024-06-17T23:46:56+00:00","og_image":[{"width":172,"height":127,"url":"https:\/\/bluetidemusic.com\/wp-content\/uploads\/2019\/12\/bluetide_home.png","type":"image\/png"}],"twitter_card":"summary_large_image","twitter_misc":{"Tiempo de lectura":"11 minutos"},"schema":{"@context":"https:\/\/schema.org","@graph":[{"@type":"WebPage","@id":"https:\/\/bluetidemusic.com\/es\/","url":"https:\/\/bluetidemusic.com\/es\/","name":"Home - Blue Tide Music","isPartOf":{"@id":"https:\/\/bluetidemusic.com\/es\/#website"},"primaryImageOfPage":{"@id":"https:\/\/bluetidemusic.com\/es\/#primaryimage"},"image":{"@id":"https:\/\/bluetidemusic.com\/es\/#primaryimage"},"thumbnailUrl":"https:\/\/bluetidemusic.com\/wp-content\/uploads\/2019\/12\/bluetide_home.png","datePublished":"2017-11-23T08:51:30+00:00","dateModified":"2024-06-17T23:46:56+00:00","description":"Como agencia de m\u00fasicos brindamos la preparaci\u00f3n adecuada para tomar las oportunidades que salgan a flote y que los m\u00fasicos las aprovechen al m\u00e1ximo.","breadcrumb":{"@id":"https:\/\/bluetidemusic.com\/es\/#breadcrumb"},"inLanguage":"es","potentialAction":[{"@type":"ReadAction","target":["https:\/\/bluetidemusic.com\/es\/"]}]},{"@type":"ImageObject","inLanguage":"es","@id":"https:\/\/bluetidemusic.com\/es\/#primaryimage","url":"https:\/\/bluetidemusic.com\/wp-content\/uploads\/2019\/12\/bluetide_home.png","contentUrl":"https:\/\/bluetidemusic.com\/wp-content\/uploads\/2019\/12\/bluetide_home.png","width":172,"height":127},{"@type":"BreadcrumbList","@id":"https:\/\/bluetidemusic.com\/es\/#breadcrumb","itemListElement":[{"@type":"ListItem","position":1,"name":"Home","item":"https:\/\/bluetidemusic.com\/es\/"},{"@type":"ListItem","position":2,"name":"Home"}]},{"@type":"WebSite","@id":"https:\/\/bluetidemusic.com\/es\/#website","url":"https:\/\/bluetidemusic.com\/es\/","name":"Blue Tide Music","description":"If you are looking for representation in the music industry,  you have come to the right place","potentialAction":[{"@type":"SearchAction","target":{"@type":"EntryPoint","urlTemplate":"https:\/\/bluetidemusic.com\/es\/?s={search_term_string}"},"query-input":"required name=search_term_string"}],"inLanguage":"es"}]}},"_links":{"self":[{"href":"https:\/\/bluetidemusic.com\/es\/wp-json\/wp\/v2\/pages\/1318"}],"collection":[{"href":"https:\/\/bluetidemusic.com\/es\/wp-json\/wp\/v2\/pages"}],"about":[{"href":"https:\/\/bluetidemusic.com\/es\/wp-json\/wp\/v2\/types\/page"}],"author":[{"embeddable":true,"href":"https:\/\/bluetidemusic.com\/es\/wp-json\/wp\/v2\/users\/1"}],"replies":[{"embeddable":true,"href":"https:\/\/bluetidemusic.com\/es\/wp-json\/wp\/v2\/comments?post=1318"}],"version-history":[{"count":10,"href":"https:\/\/bluetidemusic.com\/es\/wp-json\/wp\/v2\/pages\/1318\/revisions"}],"predecessor-version":[{"id":2402,"href":"https:\/\/bluetidemusic.com\/es\/wp-json\/wp\/v2\/pages\/1318\/revisions\/2402"}],"wp:featuredmedia":[{"embeddable":true,"href":"https:\/\/bluetidemusic.com\/es\/wp-json\/wp\/v2\/media\/1298"}],"wp:attachment":[{"href":"https:\/\/bluetidemusic.com\/es\/wp-json\/wp\/v2\/media?parent=1318"}],"curies":[{"name":"wp","href":"https:\/\/api.w.org\/{rel}","templated":true}]}}